{"id":561,"date":"2021-12-15T11:57:41","date_gmt":"2021-12-15T11:57:41","guid":{"rendered":"https:\/\/journalio.se\/?page_id=561"},"modified":"2026-03-25T14:52:49","modified_gmt":"2026-03-25T13:52:49","slug":"avanet","status":"publish","type":"page","link":"https:\/\/avamonitoring.com\/nb\/avanet\/","title":{"rendered":"AvaNet"},"content":{"rendered":"<div data-elementor-type=\"wp-page\" data-elementor-id=\"561\" class=\"elementor elementor-561\" data-elementor-post-type=\"page\">\n\t\t\t\t\t\t<section class=\"elementor-section elementor-top-section elementor-element elementor-element-5e4b6c8 elementor-section-height-min-height elementor-section-content-bottom elementor-section-items-stretch elementor-section-boxed elementor-section-height-default\" data-id=\"5e4b6c8\" data-element_type=\"section\" data-e-type=\"section\" data-settings=\"{&quot;background_background&quot;:&quot;classic&quot;}\">\n\t\t\t\t\t\t<div class=\"elementor-container elementor-column-gap-default\">\n\t\t\t\t\t<div class=\"elementor-column elementor-col-100 elementor-top-column elementor-element elementor-element-ae45de0\" data-id=\"ae45de0\" data-element_type=\"column\" data-e-type=\"column\">\n\t\t\t<div class=\"elementor-widget-wrap elementor-element-populated\">\n\t\t\t\t\t\t<section class=\"elementor-section elementor-inner-section elementor-element elementor-element-b0f5e1d elementor-section-content-middle elementor-section-boxed elementor-section-height-default elementor-section-height-default\" data-id=\"b0f5e1d\" data-element_type=\"section\" data-e-type=\"section\">\n\t\t\t\t\t\t<div class=\"elementor-container elementor-column-gap-default\">\n\t\t\t\t\t<div class=\"elementor-column elementor-col-100 elementor-inner-column elementor-element elementor-element-8d3cab0\" data-id=\"8d3cab0\" data-element_type=\"column\" data-e-type=\"column\">\n\t\t\t<div class=\"elementor-widget-wrap elementor-element-populated\">\n\t\t\t\t\t\t<div class=\"elementor-element elementor-element-8afac8b elementor-widget elementor-widget-heading\" data-id=\"8afac8b\" data-element_type=\"widget\" data-e-type=\"widget\" data-widget_type=\"heading.default\">\n\t\t\t\t<div class=\"elementor-widget-container\">\n\t\t\t\t\t<h2 class=\"elementor-heading-title elementor-size-default\">AvaNet<\/h2>\t\t\t\t<\/div>\n\t\t\t\t<\/div>\n\t\t\t\t<div class=\"elementor-element elementor-element-52a3b5e elementor-widget elementor-widget-text-editor\" data-id=\"52a3b5e\" data-element_type=\"widget\" data-e-type=\"widget\" data-widget_type=\"text-editor.default\">\n\t\t\t\t<div class=\"elementor-widget-container\">\n\t\t\t\t\t\t\t\t\t<p>Ett webbaserat och \u00f6ppet system f\u00f6r m\u00e4tning, registrering, \u00f6verf\u00f6ring och lagring.<\/p>\t\t\t\t\t\t\t\t<\/div>\n\t\t\t\t<\/div>\n\t\t\t\t\t<\/div>\n\t\t<\/div>\n\t\t\t\t\t<\/div>\n\t\t<\/section>\n\t\t\t\t\t<\/div>\n\t\t<\/div>\n\t\t\t\t\t<\/div>\n\t\t<\/section>\n\t\t\t\t<section class=\"elementor-section elementor-top-section elementor-element elementor-element-6a14efc elementor-section-content-middle elementor-section-boxed elementor-section-height-default elementor-section-height-default\" data-id=\"6a14efc\" data-element_type=\"section\" data-e-type=\"section\">\n\t\t\t\t\t\t<div class=\"elementor-container elementor-column-gap-wide\">\n\t\t\t\t\t<div class=\"elementor-column elementor-col-50 elementor-top-column elementor-element elementor-element-bc8be3a\" data-id=\"bc8be3a\" data-element_type=\"column\" data-e-type=\"column\">\n\t\t\t<div class=\"elementor-widget-wrap elementor-element-populated\">\n\t\t\t\t\t\t<div class=\"elementor-element elementor-element-af592e6 elementor-widget elementor-widget-heading\" data-id=\"af592e6\" data-element_type=\"widget\" data-e-type=\"widget\" data-widget_type=\"heading.default\">\n\t\t\t\t<div class=\"elementor-widget-container\">\n\t\t\t\t\t<h2 class=\"elementor-heading-title elementor-size-default\">Molnl\u00f6sning f\u00f6r \u00f6verf\u00f6ring, delning och lagring<\/h2>\t\t\t\t<\/div>\n\t\t\t\t<\/div>\n\t\t\t\t<div class=\"elementor-element elementor-element-9b724c3 elementor-widget elementor-widget-heading\" data-id=\"9b724c3\" data-element_type=\"widget\" data-e-type=\"widget\" data-widget_type=\"heading.default\">\n\t\t\t\t<div class=\"elementor-widget-container\">\n\t\t\t\t\t<h3 class=\"elementor-heading-title elementor-size-default\">Det webbaserade m\u00e4tsystemet AvaNet \u00e4r navet i v\u00e5ra produktpaket och sk\u00f6ter all datainsamling, kommunikation, bearbetning, \u00f6vervakning och lagring av m\u00e4tdata.\n<\/h3>\t\t\t\t<\/div>\n\t\t\t\t<\/div>\n\t\t\t\t<div class=\"elementor-element elementor-element-dcb46ac elementor-widget elementor-widget-heading\" data-id=\"dcb46ac\" data-element_type=\"widget\" data-e-type=\"widget\" data-widget_type=\"heading.default\">\n\t\t\t\t<div class=\"elementor-widget-container\">\n\t\t\t\t\t<h2 class=\"elementor-heading-title elementor-size-default\">Helt webbaserat m\u00e4tsystem\n<\/h2>\t\t\t\t<\/div>\n\t\t\t\t<\/div>\n\t\t\t\t<div class=\"elementor-element elementor-element-a169957 elementor-widget elementor-widget-text-editor\" data-id=\"a169957\" data-element_type=\"widget\" data-e-type=\"widget\" data-widget_type=\"text-editor.default\">\n\t\t\t\t<div class=\"elementor-widget-container\">\n\t\t\t\t\t\t\t\t\t<p>AvaNet \u00e4r ett \u00f6ppet m\u00e4tsystem som st\u00f6djer v\u00e5ra egna instrument men \u00e4ven en m\u00e4ngd andra sensorer och m\u00e4tinstrument fr\u00e5n olika tillverkare. Detta ger dig st\u00f6rre frihet att v\u00e4lja just de instrument och sensorer som passar dina behov. Gemensamt \u00e4r att f\u00e4ltinstrumenten \u00e4r utrustade med ett modem som s\u00e4nder m\u00e4tdata dygnet runt <span style=\"font-size: 16px;\">via ethernet eller mobiln\u00e4t&nbsp;<\/span><span style=\"font-family: &quot;Source Sans Pro&quot;, sans-serif; font-size: 16px; font-style: normal; font-variant-ligatures: normal; font-variant-caps: normal; font-weight: 400;\">till<\/span><span style=\"font-size: 16px;\">&nbsp;AvaNet och v\u00e5r centrala dataserver. Du kommer \u00e5t all m\u00e4tdata via en vanlig webbl\u00e4sare p\u00e5 en dator, l\u00e4splatta eller smartphone.<\/span><\/p>\n<p>Du kan ocks\u00e5 st\u00e4lla in larm som automatiskt skickar e-post eller sms till ansvariga personer om ett m\u00e4tv\u00e4rde g\u00e5r utanf\u00f6r till\u00e5tna gr\u00e4nser, eller om ett driftavbrott skulle uppst\u00e5.<\/p>\t\t\t\t\t\t\t\t<\/div>\n\t\t\t\t<\/div>\n\t\t\t\t<div class=\"elementor-element elementor-element-459b50a elementor-widget elementor-widget-heading\" data-id=\"459b50a\" data-element_type=\"widget\" data-e-type=\"widget\" data-widget_type=\"heading.default\">\n\t\t\t\t<div class=\"elementor-widget-container\">\n\t\t\t\t\t<h2 class=\"elementor-heading-title elementor-size-default\">Fj\u00e4rrstyrda m\u00e4tinstrument<\/h2>\t\t\t\t<\/div>\n\t\t\t\t<\/div>\n\t\t\t\t<div class=\"elementor-element elementor-element-7ab973d elementor-widget elementor-widget-text-editor\" data-id=\"7ab973d\" data-element_type=\"widget\" data-e-type=\"widget\" data-widget_type=\"text-editor.default\">\n\t\t\t\t<div class=\"elementor-widget-container\">\n\t\t\t\t\t\t\t\t\t<div class=\"wpb_text_column wpb_content_element\"><div class=\"wpb_wrapper\"><p>F\u00e4ltinstrumentet g\u00e5r att fj\u00e4rrstyra fullt ut via AvaNet. Vill du \u00e4ndra m\u00e4tarinst\u00e4llningar, gr\u00e4nsv\u00e4rden eller kontrollera batteriniv\u00e5n g\u00f6r du det snabbt och enkelt fr\u00e5n din webbl\u00e4sare, var du \u00e4n befinner dig.<\/p><\/div><\/div>\t\t\t\t\t\t\t\t<\/div>\n\t\t\t\t<\/div>\n\t\t\t\t<div class=\"elementor-element elementor-element-cae16bd elementor-widget elementor-widget-heading\" data-id=\"cae16bd\" data-element_type=\"widget\" data-e-type=\"widget\" data-widget_type=\"heading.default\">\n\t\t\t\t<div class=\"elementor-widget-container\">\n\t\t\t\t\t<h2 class=\"elementor-heading-title elementor-size-default\">N\u00e5 din data var du \u00e4n \u00e4r, dygnet runt\n<\/h2>\t\t\t\t<\/div>\n\t\t\t\t<\/div>\n\t\t\t\t<div class=\"elementor-element elementor-element-db86214 elementor-widget elementor-widget-text-editor\" data-id=\"db86214\" data-element_type=\"widget\" data-e-type=\"widget\" data-widget_type=\"text-editor.default\">\n\t\t\t\t<div class=\"elementor-widget-container\">\n\t\t\t\t\t\t\t\t\t<div class=\"wpb_text_column wpb_content_element\"><div class=\"wpb_wrapper\"><div class=\"wpb_text_column wpb_content_element\"><div class=\"wpb_wrapper\"><p>AvaNet kr\u00e4ver varken installation eller nedladdning av programvara till din dator. Din aktuella data finns alltid tillg\u00e4ngliga online via en vanlig webbl\u00e4sare och kan p\u00e5 ett s\u00e4kert s\u00e4tt delas i realtid med andra i projektet. Du kan sj\u00e4lv enkelt skapa anv\u00e4ndare med olika beh\u00f6righetsniv\u00e5er. I det webbaserade m\u00e4tsystemet finns ocks\u00e5 omfattande funktioner f\u00f6r analys och rapportgenerering av m\u00e4tdata.<\/p><\/div><\/div><\/div><\/div>\t\t\t\t\t\t\t\t<\/div>\n\t\t\t\t<\/div>\n\t\t\t\t<div class=\"elementor-element elementor-element-bbee668 elementor-widget elementor-widget-heading\" data-id=\"bbee668\" data-element_type=\"widget\" data-e-type=\"widget\" data-widget_type=\"heading.default\">\n\t\t\t\t<div class=\"elementor-widget-container\">\n\t\t\t\t\t<h2 class=\"elementor-heading-title elementor-size-default\">S\u00e4ker drift och datalagring\n<\/h2>\t\t\t\t<\/div>\n\t\t\t\t<\/div>\n\t\t\t\t<div class=\"elementor-element elementor-element-413bd27 elementor-widget elementor-widget-text-editor\" data-id=\"413bd27\" data-element_type=\"widget\" data-e-type=\"widget\" data-widget_type=\"text-editor.default\">\n\t\t\t\t<div class=\"elementor-widget-container\">\n\t\t\t\t\t\t\t\t\t<div class=\"wpb_text_column wpb_content_element\"><div class=\"wpb_wrapper\"><div class=\"wpb_text_column wpb_content_element\"><div class=\"wpb_wrapper\"><p>Alla m\u00e4tdata samlas kontinuerligt och automatiskt, dygnet runt, i en s\u00e4ker databas med daglig backup. Du beh\u00f6ver inte sj\u00e4lv hantera h\u00e5rddiskar eller backuprutiner, dina m\u00e4tdata finns alltid tillg\u00e4ngliga i ett system som uppfyller alla t\u00e4nkbara s\u00e4kerhetskrav.<\/p><p>\u00a0<\/p><\/div><\/div><\/div><\/div>\t\t\t\t\t\t\t\t<\/div>\n\t\t\t\t<\/div>\n\t\t\t\t\t<\/div>\n\t\t<\/div>\n\t\t\t\t<div class=\"elementor-column elementor-col-50 elementor-top-column elementor-element elementor-element-21b87be\" data-id=\"21b87be\" data-element_type=\"column\" data-e-type=\"column\">\n\t\t\t<div class=\"elementor-widget-wrap elementor-element-populated\">\n\t\t\t\t\t\t<div class=\"elementor-element elementor-element-17b4793 elementor-widget elementor-widget-image\" data-id=\"17b4793\" data-element_type=\"widget\" data-e-type=\"widget\" data-widget_type=\"image.default\">\n\t\t\t\t<div class=\"elementor-widget-container\">\n\t\t\t\t\t\t\t\t\t\t\t\t\t\t\t<img fetchpriority=\"high\" decoding=\"async\" width=\"1024\" height=\"614\" src=\"https:\/\/avamonitoring.com\/wp-content\/uploads\/2026\/03\/AvaNet-205-1024x614.png\" class=\"attachment-large size-large wp-image-1336\" alt=\"\" srcset=\"https:\/\/avamonitoring.com\/wp-content\/uploads\/2026\/03\/AvaNet-205-1024x614.png 1024w, https:\/\/avamonitoring.com\/wp-content\/uploads\/2026\/03\/AvaNet-205-300x180.png 300w, https:\/\/avamonitoring.com\/wp-content\/uploads\/2026\/03\/AvaNet-205-768x461.png 768w, https:\/\/avamonitoring.com\/wp-content\/uploads\/2026\/03\/AvaNet-205-1536x922.png 1536w, https:\/\/avamonitoring.com\/wp-content\/uploads\/2026\/03\/AvaNet-205-2048x1229.png 2048w, https:\/\/avamonitoring.com\/wp-content\/uploads\/2026\/03\/AvaNet-205-18x12.png 18w\" sizes=\"(max-width: 1024px) 100vw, 1024px\" \/>\t\t\t\t\t\t\t\t\t\t\t\t\t\t\t<\/div>\n\t\t\t\t<\/div>\n\t\t\t\t<div class=\"elementor-element elementor-element-d840a82 elementor-widget elementor-widget-heading\" data-id=\"d840a82\" data-element_type=\"widget\" data-e-type=\"widget\" data-widget_type=\"heading.default\">\n\t\t\t\t<div class=\"elementor-widget-container\">\n\t\t\t\t\t<h2 class=\"elementor-heading-title elementor-size-default\">AvaNet<\/h2>\t\t\t\t<\/div>\n\t\t\t\t<\/div>\n\t\t\t\t<div class=\"elementor-element elementor-element-e93dc84 elementor-align-start elementor-icon-list--layout-traditional elementor-list-item-link-full_width elementor-widget elementor-widget-icon-list\" data-id=\"e93dc84\" data-element_type=\"widget\" data-e-type=\"widget\" data-widget_type=\"icon-list.default\">\n\t\t\t\t<div class=\"elementor-widget-container\">\n\t\t\t\t\t\t\t<ul class=\"elementor-icon-list-items\">\n\t\t\t\t\t\t\t<li class=\"elementor-icon-list-item\">\n\t\t\t\t\t\t\t\t\t\t<span class=\"elementor-icon-list-text\">\u2022 Fj\u00e4rrstyr f\u00e4ltinstrument via Internet och webbl\u00e4sare<\/span>\n\t\t\t\t\t\t\t\t\t<\/li>\n\t\t\t\t\t\t\t\t<li class=\"elementor-icon-list-item\">\n\t\t\t\t\t\t\t\t\t\t<span class=\"elementor-icon-list-text\">\u2022 Samlar in, bearbetar och lagrar m\u00e4tdata p\u00e5 en central dataserver<\/span>\n\t\t\t\t\t\t\t\t\t<\/li>\n\t\t\t\t\t\t\t\t<li class=\"elementor-icon-list-item\">\n\t\t\t\t\t\t\t\t\t\t<span class=\"elementor-icon-list-text\">\u2022 Funktioner f\u00f6r analys och rapportgenerering av m\u00e4tdata<\/span>\n\t\t\t\t\t\t\t\t\t<\/li>\n\t\t\t\t\t\t\t\t<li class=\"elementor-icon-list-item\">\n\t\t\t\t\t\t\t\t\t\t<span class=\"elementor-icon-list-text\">\u2022 Dela m\u00e4tresultat och annan dokumentation med projektdeltagare i realtid<\/span>\n\t\t\t\t\t\t\t\t\t<\/li>\n\t\t\t\t\t\t\t\t<li class=\"elementor-icon-list-item\">\n\t\t\t\t\t\t\t\t\t\t<span class=\"elementor-icon-list-text\">\u2022 Larm f\u00f6r viktiga parametrar skickas automatiskt via e-post och sms<\/span>\n\t\t\t\t\t\t\t\t\t<\/li>\n\t\t\t\t\t\t<\/ul>\n\t\t\t\t\t\t<\/div>\n\t\t\t\t<\/div>\n\t\t\t\t<div class=\"elementor-element elementor-element-580debe elementor-widget elementor-widget-button\" data-id=\"580debe\" data-element_type=\"widget\" data-e-type=\"widget\" data-widget_type=\"button.default\">\n\t\t\t\t<div class=\"elementor-widget-container\">\n\t\t\t\t\t\t\t\t\t<div class=\"elementor-button-wrapper\">\n\t\t\t\t\t<a class=\"elementor-button elementor-button-link elementor-size-sm\" href=\"#\">\n\t\t\t\t\t\t<span class=\"elementor-button-content-wrapper\">\n\t\t\t\t\t\t\t\t\t<span class=\"elementor-button-text\">KONTAKTA OSS F\u00d6R OFFERT<\/span>\n\t\t\t\t\t<\/span>\n\t\t\t\t\t<\/a>\n\t\t\t\t<\/div>\n\t\t\t\t\t\t\t\t<\/div>\n\t\t\t\t<\/div>\n\t\t\t\t\t<\/div>\n\t\t<\/div>\n\t\t\t\t\t<\/div>\n\t\t<\/section>\n\t\t\t\t<\/div>","protected":false},"excerpt":{"rendered":"<p>AvaNet Ett webbaserat och \u00f6ppet system f\u00f6r m\u00e4tning, registrering, \u00f6verf\u00f6ring och lagring. Molnl\u00f6sning f\u00f6r \u00f6verf\u00f6ring, delning och lagring Det webbaserade m\u00e4tsystemet AvaNet \u00e4r navet i v\u00e5ra produktpaket och sk\u00f6ter all datainsamling, kommunikation, bearbetning, \u00f6vervakning och lagring av m\u00e4tdata. Helt webbaserat m\u00e4tsystem AvaNet \u00e4r ett \u00f6ppet m\u00e4tsystem som st\u00f6djer v\u00e5ra egna instrument men \u00e4ven en m\u00e4ngd [&hellip;]<\/p>","protected":false},"author":1,"featured_media":0,"parent":0,"menu_order":0,"comment_status":"closed","ping_status":"closed","template":"elementor_header_footer","meta":{"footnotes":""},"class_list":["post-561","page","type-page","status-publish","hentry","entry"],"_links":{"self":[{"href":"https:\/\/avamonitoring.com\/nb\/wp-json\/wp\/v2\/pages\/561","targetHints":{"allow":["GET"]}}],"collection":[{"href":"https:\/\/avamonitoring.com\/nb\/wp-json\/wp\/v2\/pages"}],"about":[{"href":"https:\/\/avamonitoring.com\/nb\/wp-json\/wp\/v2\/types\/page"}],"author":[{"embeddable":true,"href":"https:\/\/avamonitoring.com\/nb\/wp-json\/wp\/v2\/users\/1"}],"replies":[{"embeddable":true,"href":"https:\/\/avamonitoring.com\/nb\/wp-json\/wp\/v2\/comments?post=561"}],"version-history":[{"count":13,"href":"https:\/\/avamonitoring.com\/nb\/wp-json\/wp\/v2\/pages\/561\/revisions"}],"predecessor-version":[{"id":1395,"href":"https:\/\/avamonitoring.com\/nb\/wp-json\/wp\/v2\/pages\/561\/revisions\/1395"}],"wp:attachment":[{"href":"https:\/\/avamonitoring.com\/nb\/wp-json\/wp\/v2\/media?parent=561"}],"curies":[{"name":"wp","href":"https:\/\/api.w.org\/{rel}","templated":true}]}}