{"id":261,"date":"2021-12-09T15:44:33","date_gmt":"2021-12-09T15:44:33","guid":{"rendered":"https:\/\/journalio.se\/?page_id=261"},"modified":"2026-04-09T09:48:48","modified_gmt":"2026-04-09T08:48:48","slug":"tekniska-specifikationer","status":"publish","type":"page","link":"https:\/\/avamonitoring.com\/nb\/support\/tekniske-spesifikasjoner\/","title":{"rendered":"Tekniske spesifikasjoner"},"content":{"rendered":"<div data-elementor-type=\"wp-page\" data-elementor-id=\"261\" class=\"elementor elementor-261\" data-elementor-post-type=\"page\">\n\t\t\t\t\t\t<section class=\"elementor-section elementor-top-section elementor-element elementor-element-372488fc elementor-section-height-min-height elementor-section-content-bottom elementor-section-items-stretch elementor-section-boxed elementor-section-height-default\" data-id=\"372488fc\" data-element_type=\"section\" data-e-type=\"section\" data-settings=\"{&quot;background_background&quot;:&quot;classic&quot;}\">\n\t\t\t\t\t\t<div class=\"elementor-container elementor-column-gap-default\">\n\t\t\t\t\t<div class=\"elementor-column elementor-col-100 elementor-top-column elementor-element elementor-element-4a7d9b29\" data-id=\"4a7d9b29\" data-element_type=\"column\" data-e-type=\"column\">\n\t\t\t<div class=\"elementor-widget-wrap elementor-element-populated\">\n\t\t\t\t\t\t<section class=\"elementor-section elementor-inner-section elementor-element elementor-element-29a3977f elementor-section-content-middle elementor-section-boxed elementor-section-height-default elementor-section-height-default\" data-id=\"29a3977f\" data-element_type=\"section\" data-e-type=\"section\">\n\t\t\t\t\t\t<div class=\"elementor-container elementor-column-gap-default\">\n\t\t\t\t\t<div class=\"elementor-column elementor-col-100 elementor-inner-column elementor-element elementor-element-7383ff11\" data-id=\"7383ff11\" data-element_type=\"column\" data-e-type=\"column\">\n\t\t\t<div class=\"elementor-widget-wrap elementor-element-populated\">\n\t\t\t\t\t\t<div class=\"elementor-element elementor-element-5da71245 elementor-widget elementor-widget-heading\" data-id=\"5da71245\" data-element_type=\"widget\" data-e-type=\"widget\" data-widget_type=\"heading.default\">\n\t\t\t\t<div class=\"elementor-widget-container\">\n\t\t\t\t\t<h2 class=\"elementor-heading-title elementor-size-default\">Tekniske spesifikasjoner\n<\/h2>\t\t\t\t<\/div>\n\t\t\t\t<\/div>\n\t\t\t\t\t<\/div>\n\t\t<\/div>\n\t\t\t\t\t<\/div>\n\t\t<\/section>\n\t\t\t\t\t<\/div>\n\t\t<\/div>\n\t\t\t\t\t<\/div>\n\t\t<\/section>\n\t\t\t\t<section class=\"elementor-section elementor-top-section elementor-element elementor-element-6018b3f1 elementor-section-content-middle elementor-section-boxed elementor-section-height-default elementor-section-height-default\" data-id=\"6018b3f1\" data-element_type=\"section\" data-e-type=\"section\">\n\t\t\t\t\t\t<div class=\"elementor-container elementor-column-gap-wide\">\n\t\t\t\t\t<div class=\"elementor-column elementor-col-50 elementor-top-column elementor-element elementor-element-146fd9d\" data-id=\"146fd9d\" data-element_type=\"column\" data-e-type=\"column\">\n\t\t\t<div class=\"elementor-widget-wrap elementor-element-populated\">\n\t\t\t\t\t\t<div class=\"elementor-element elementor-element-5d1c4ba3 elementor-widget elementor-widget-heading\" data-id=\"5d1c4ba3\" data-element_type=\"widget\" data-e-type=\"widget\" data-widget_type=\"heading.default\">\n\t\t\t\t<div class=\"elementor-widget-container\">\n\t\t\t\t\t<h2 class=\"elementor-heading-title elementor-size-default\">Tekniske spesifikasjoner\n<\/h2>\t\t\t\t<\/div>\n\t\t\t\t<\/div>\n\t\t\t\t<div class=\"elementor-element elementor-element-a952659 elementor-widget elementor-widget-text-editor\" data-id=\"a952659\" data-element_type=\"widget\" data-e-type=\"widget\" data-widget_type=\"text-editor.default\">\n\t\t\t\t<div class=\"elementor-widget-container\">\n\t\t\t\t\t\t\t\t\t<div class=\"wpb_text_column wpb_content_element\">\n<div class=\"wpb_wrapper\">\n<p>Her har vi samlet produktblad og instruksjoner med alle tekniske spesifikasjoner knyttet til AVA Monitoring System. Last ned og les de dokumentene du trenger.<\/p>\n<p>AvaTrace M60 och AvaTrace M80 \u2013 Manual (svenska)&nbsp;<a href=\"mailto:info@avamonitoring.se\" target=\"_blank\" rel=\"noopener noreferrer\">Sendes p\u00e5 foresp\u00f8rsel<\/a><br><a href=\"https:\/\/avamonitoring.com\/wp-content\/uploads\/2026\/03\/19050-AVA-Monitoring_Produktblad-M90_ENG-sept-2025.pdf\">AvaTrace M90&nbsp;\u2013 Produktblad&nbsp;<\/a>(pdf, engelsk, 1.9 MB)<br><a href=\"https:\/\/avamonitoring.com\/wp-content\/uploads\/2021\/12\/AVA-Monitoring-Produktblad-EM2030_ENG.pdf\" target=\"_blank\" rel=\"noopener noreferrer\">Sonitus EM2030&nbsp;\u2013 Produktblad<\/a>&nbsp;(pdf, engelsk, 2.0 MB)<\/p>\n<\/div>\n<\/div>\t\t\t\t\t\t\t\t<\/div>\n\t\t\t\t<\/div>\n\t\t\t\t\t<\/div>\n\t\t<\/div>\n\t\t\t\t<div class=\"elementor-column elementor-col-50 elementor-top-column elementor-element elementor-element-61aa68b4\" data-id=\"61aa68b4\" data-element_type=\"column\" data-e-type=\"column\" data-settings=\"{&quot;background_background&quot;:&quot;classic&quot;}\">\n\t\t\t<div class=\"elementor-widget-wrap elementor-element-populated\">\n\t\t\t\t\t\t<div class=\"elementor-element elementor-element-5aaf94ca elementor-widget elementor-widget-spacer\" data-id=\"5aaf94ca\" data-element_type=\"widget\" data-e-type=\"widget\" data-widget_type=\"spacer.default\">\n\t\t\t\t<div class=\"elementor-widget-container\">\n\t\t\t\t\t\t\t<div class=\"elementor-spacer\">\n\t\t\t<div class=\"elementor-spacer-inner\"><\/div>\n\t\t<\/div>\n\t\t\t\t\t\t<\/div>\n\t\t\t\t<\/div>\n\t\t\t\t\t<\/div>\n\t\t<\/div>\n\t\t\t\t\t<\/div>\n\t\t<\/section>\n\t\t\t\t<\/div>","protected":false},"excerpt":{"rendered":"<p>Tekniska specifikationer Tekniska specifikationer H\u00e4r har vi samlat produktblad och instruktioner med alla tekniska specifikationer som r\u00f6r AVA Monitoring System. Ladda ner och l\u00e4s de dokument du beh\u00f6ver. AvaTrace M60 och AvaTrace M80 \u2013 Manual (svenska)&nbsp;Skickas p\u00e5 f\u00f6rfr\u00e5ganAvaTrace M90&nbsp;\u2013 Produktblad&nbsp;(pdf, svenska, 2.0 MB)Sonitus EM2030&nbsp;\u2013 Produktblad&nbsp;(pdf, svenska, 1.9 MB)<\/p>","protected":false},"author":1,"featured_media":0,"parent":156,"menu_order":0,"comment_status":"closed","ping_status":"closed","template":"elementor_header_footer","meta":{"footnotes":""},"class_list":["post-261","page","type-page","status-publish","hentry","entry"],"_links":{"self":[{"href":"https:\/\/avamonitoring.com\/nb\/wp-json\/wp\/v2\/pages\/261","targetHints":{"allow":["GET"]}}],"collection":[{"href":"https:\/\/avamonitoring.com\/nb\/wp-json\/wp\/v2\/pages"}],"about":[{"href":"https:\/\/avamonitoring.com\/nb\/wp-json\/wp\/v2\/types\/page"}],"author":[{"embeddable":true,"href":"https:\/\/avamonitoring.com\/nb\/wp-json\/wp\/v2\/users\/1"}],"replies":[{"embeddable":true,"href":"https:\/\/avamonitoring.com\/nb\/wp-json\/wp\/v2\/comments?post=261"}],"version-history":[{"count":17,"href":"https:\/\/avamonitoring.com\/nb\/wp-json\/wp\/v2\/pages\/261\/revisions"}],"predecessor-version":[{"id":1444,"href":"https:\/\/avamonitoring.com\/nb\/wp-json\/wp\/v2\/pages\/261\/revisions\/1444"}],"up":[{"embeddable":true,"href":"https:\/\/avamonitoring.com\/nb\/wp-json\/wp\/v2\/pages\/156"}],"wp:attachment":[{"href":"https:\/\/avamonitoring.com\/nb\/wp-json\/wp\/v2\/media?parent=261"}],"curies":[{"name":"wp","href":"https:\/\/api.w.org\/{rel}","templated":true}]}}