{"id":213,"date":"2021-12-09T14:58:55","date_gmt":"2021-12-09T14:58:55","guid":{"rendered":"https:\/\/journalio.se\/?page_id=213"},"modified":"2026-04-10T06:00:09","modified_gmt":"2026-04-10T05:00:09","slug":"om-oss","status":"publish","type":"page","link":"https:\/\/avamonitoring.com\/nb\/om-oss\/","title":{"rendered":"Om oss"},"content":{"rendered":"<div data-elementor-type=\"wp-page\" data-elementor-id=\"213\" class=\"elementor elementor-213\" data-elementor-post-type=\"page\">\n\t\t\t\t\t\t<section class=\"elementor-section elementor-top-section elementor-element elementor-element-5e4b6c8 elementor-section-height-min-height elementor-section-content-bottom elementor-section-items-stretch elementor-section-boxed elementor-section-height-default\" data-id=\"5e4b6c8\" data-element_type=\"section\" data-e-type=\"section\" data-settings=\"{&quot;background_background&quot;:&quot;classic&quot;}\">\n\t\t\t\t\t\t<div class=\"elementor-container elementor-column-gap-default\">\n\t\t\t\t\t<div class=\"elementor-column elementor-col-100 elementor-top-column elementor-element elementor-element-ae45de0\" data-id=\"ae45de0\" data-element_type=\"column\" data-e-type=\"column\">\n\t\t\t<div class=\"elementor-widget-wrap elementor-element-populated\">\n\t\t\t\t\t\t<section class=\"elementor-section elementor-inner-section elementor-element elementor-element-b0f5e1d elementor-section-content-middle elementor-section-boxed elementor-section-height-default elementor-section-height-default\" data-id=\"b0f5e1d\" data-element_type=\"section\" data-e-type=\"section\">\n\t\t\t\t\t\t<div class=\"elementor-container elementor-column-gap-default\">\n\t\t\t\t\t<div class=\"elementor-column elementor-col-100 elementor-inner-column elementor-element elementor-element-8d3cab0\" data-id=\"8d3cab0\" data-element_type=\"column\" data-e-type=\"column\">\n\t\t\t<div class=\"elementor-widget-wrap elementor-element-populated\">\n\t\t\t\t\t\t<div class=\"elementor-element elementor-element-8afac8b elementor-widget elementor-widget-heading\" data-id=\"8afac8b\" data-element_type=\"widget\" data-e-type=\"widget\" data-widget_type=\"heading.default\">\n\t\t\t\t<div class=\"elementor-widget-container\">\n\t\t\t\t\t<h2 class=\"elementor-heading-title elementor-size-default\">Om oss<\/h2>\t\t\t\t<\/div>\n\t\t\t\t<\/div>\n\t\t\t\t<div class=\"elementor-element elementor-element-52a3b5e elementor-hidden-mobile elementor-widget elementor-widget-text-editor\" data-id=\"52a3b5e\" data-element_type=\"widget\" data-e-type=\"widget\" data-widget_type=\"text-editor.default\">\n\t\t\t\t<div class=\"elementor-widget-container\">\n\t\t\t\t\t\t\t\t\t<p>Vi arbetar med ett enda fokus &#8211; att g\u00f6ra det enkelt att skapa s\u00e4kerhet f\u00f6r omgivningen i samband med infrastrukturprojekt.<\/p>\t\t\t\t\t\t\t\t<\/div>\n\t\t\t\t<\/div>\n\t\t\t\t\t<\/div>\n\t\t<\/div>\n\t\t\t\t\t<\/div>\n\t\t<\/section>\n\t\t\t\t\t<\/div>\n\t\t<\/div>\n\t\t\t\t\t<\/div>\n\t\t<\/section>\n\t\t\t\t<section class=\"elementor-section elementor-top-section elementor-element elementor-element-83d4912 elementor-section-content-middle elementor-section-boxed elementor-section-height-default elementor-section-height-default\" data-id=\"83d4912\" data-element_type=\"section\" data-e-type=\"section\">\n\t\t\t\t\t\t<div class=\"elementor-container elementor-column-gap-wide\">\n\t\t\t\t\t<div class=\"elementor-column elementor-col-50 elementor-top-column elementor-element elementor-element-dc3e229\" data-id=\"dc3e229\" data-element_type=\"column\" data-e-type=\"column\">\n\t\t\t<div class=\"elementor-widget-wrap elementor-element-populated\">\n\t\t\t\t\t\t<div class=\"elementor-element elementor-element-6ddea46 elementor-widget elementor-widget-heading\" data-id=\"6ddea46\" data-element_type=\"widget\" data-e-type=\"widget\" data-widget_type=\"heading.default\">\n\t\t\t\t<div class=\"elementor-widget-container\">\n\t\t\t\t\t<h2 class=\"elementor-heading-title elementor-size-default\">Vi gj\u00f8r det enkelt \u00e5 beskytte verden\n<\/h2>\t\t\t\t<\/div>\n\t\t\t\t<\/div>\n\t\t\t\t<div class=\"elementor-element elementor-element-9800fc5 elementor-widget elementor-widget-heading\" data-id=\"9800fc5\" data-element_type=\"widget\" data-e-type=\"widget\" data-widget_type=\"heading.default\">\n\t\t\t\t<div class=\"elementor-widget-container\">\n\t\t\t\t\t<h3 class=\"elementor-heading-title elementor-size-default\">Vi er ikke store, men v\u00e5r ambisjon er enorm. AVA Monitoring System baserer seg p\u00e5 mer enn 40 \u00e5rs erfaring med m\u00e5linger og en ekte lidenskap for teknisk innovasjon. Det helautomatiske m\u00e5lesystemet vi tilbyr i dag, gj\u00f8r det enkelt for alle \u00e5 beskytte mennesker, bygninger, infrastruktur, jord, luft og vassdrag mot negativ milj\u00f8p\u00e5virkning. Hver vibrasjon i grunnen kan registreres og m\u00e5les automatisk. N\u00e5r bygging kan p\u00e5g\u00e5 og samfunnet utvikles med minimale forstyrrelser \u2013 da er vi forn\u00f8yde med arbeidet v\u00e5rt.<\/h3>\t\t\t\t<\/div>\n\t\t\t\t<\/div>\n\t\t\t\t<div class=\"elementor-element elementor-element-b722188 elementor-widget elementor-widget-heading\" data-id=\"b722188\" data-element_type=\"widget\" data-e-type=\"widget\" data-widget_type=\"heading.default\">\n\t\t\t\t<div class=\"elementor-widget-container\">\n\t\t\t\t\t<h2 class=\"elementor-heading-title elementor-size-default\">\u00c5pne for omverden\n<\/h2>\t\t\t\t<\/div>\n\t\t\t\t<\/div>\n\t\t\t\t<div class=\"elementor-element elementor-element-5eb072e elementor-widget elementor-widget-text-editor\" data-id=\"5eb072e\" data-element_type=\"widget\" data-e-type=\"widget\" data-widget_type=\"text-editor.default\">\n\t\t\t\t<div class=\"elementor-widget-container\">\n\t\t\t\t\t\t\t\t\t<p>Vi \u00f8nsker ikke \u00e5 l\u00e5se kundene v\u00e5re til en eneste l\u00f8sning. Derfor har vi valgt \u00e5 \u00e5pne v\u00e5rt nettbaserte m\u00e5lesystem ogs\u00e5 for m\u00e5leutstyr fra andre produsenter. Som kunde hos oss skal du kunne bruke de feltinstrumentene du trenger til m\u00e5lingene dine, og samtidig kunne dra nytte av alle fordelene ved AVA Monitoring System, med automatisk, ubemannet og fjernstyrt m\u00e5ling der du alltid har tilgang til m\u00e5ledataene dine.<\/p>\t\t\t\t\t\t\t\t<\/div>\n\t\t\t\t<\/div>\n\t\t\t\t<div class=\"elementor-element elementor-element-6dc1582 elementor-widget elementor-widget-heading\" data-id=\"6dc1582\" data-element_type=\"widget\" data-e-type=\"widget\" data-widget_type=\"heading.default\">\n\t\t\t\t<div class=\"elementor-widget-container\">\n\t\t\t\t\t<h2 class=\"elementor-heading-title elementor-size-default\">AVA Monitoring System \u2013 et tilpasningsdyktig system for en omvekslende tid\n<\/h2>\t\t\t\t<\/div>\n\t\t\t\t<\/div>\n\t\t\t\t<div class=\"elementor-element elementor-element-383ebd1 elementor-widget elementor-widget-text-editor\" data-id=\"383ebd1\" data-element_type=\"widget\" data-e-type=\"widget\" data-widget_type=\"text-editor.default\">\n\t\t\t\t<div class=\"elementor-widget-container\">\n\t\t\t\t\t\t\t\t\t<p>Vi lever og arbeider i en digital verden. Derfor er AVA Monitoring System like mobilt som du. Alt som kreves for \u00e5 lese av data eller justere feltinstrumentene, er en datamaskin, et nettbrett eller en smarttelefon med Internett-tilkobling. Deretter har du full kontroll over hver m\u00e5leverdi, d\u00f8gnet rundt, uansett hvor du befinner deg i verden.<\/p>\t\t\t\t\t\t\t\t<\/div>\n\t\t\t\t<\/div>\n\t\t\t\t<div class=\"elementor-element elementor-element-1e8c745 elementor-widget elementor-widget-heading\" data-id=\"1e8c745\" data-element_type=\"widget\" data-e-type=\"widget\" data-widget_type=\"heading.default\">\n\t\t\t\t<div class=\"elementor-widget-container\">\n\t\t\t\t\t<h2 class=\"elementor-heading-title elementor-size-default\">Sertifisering<\/h2>\t\t\t\t<\/div>\n\t\t\t\t<\/div>\n\t\t\t\t<div class=\"elementor-element elementor-element-6b05f9a elementor-widget elementor-widget-text-editor\" data-id=\"6b05f9a\" data-element_type=\"widget\" data-e-type=\"widget\" data-widget_type=\"text-editor.default\">\n\t\t\t\t<div class=\"elementor-widget-container\">\n\t\t\t\t\t\t\t\t\t<p><img decoding=\"async\" class=\"alignnone wp-image-1448 size-full\" src=\"https:\/\/avamonitoring.com\/wp-content\/uploads\/2026\/04\/ManagementSysCert_ISO9001_14001_col-e1775797195727.png\" alt=\"\" width=\"200\" height=\"240\" \/><\/p>\t\t\t\t\t\t\t\t<\/div>\n\t\t\t\t<\/div>\n\t\t\t\t\t<\/div>\n\t\t<\/div>\n\t\t\t\t<div class=\"elementor-column elementor-col-50 elementor-top-column elementor-element elementor-element-6d2f050\" data-id=\"6d2f050\" data-element_type=\"column\" data-e-type=\"column\" data-settings=\"{&quot;background_background&quot;:&quot;classic&quot;}\">\n\t\t\t<div class=\"elementor-widget-wrap elementor-element-populated\">\n\t\t\t\t\t\t<div class=\"elementor-element elementor-element-5e521a0 elementor-widget elementor-widget-spacer\" data-id=\"5e521a0\" data-element_type=\"widget\" data-e-type=\"widget\" data-widget_type=\"spacer.default\">\n\t\t\t\t<div class=\"elementor-widget-container\">\n\t\t\t\t\t\t\t<div class=\"elementor-spacer\">\n\t\t\t<div class=\"elementor-spacer-inner\"><\/div>\n\t\t<\/div>\n\t\t\t\t\t\t<\/div>\n\t\t\t\t<\/div>\n\t\t\t\t\t<\/div>\n\t\t<\/div>\n\t\t\t\t\t<\/div>\n\t\t<\/section>\n\t\t\t\t<\/div>","protected":false},"excerpt":{"rendered":"<p>Om oss Vi arbetar med ett enda fokus &#8211; att g\u00f6ra det enkelt att skapa s\u00e4kerhet f\u00f6r omgivningen i samband med infrastrukturprojekt. Vi g\u00f6r det enkelt att skydda v\u00e4rlden Vi \u00e4r inte stora, men v\u00e5r ambition \u00e4r enorm. AVA Monitoring System baserar sig p\u00e5 mer \u00e4n 40 \u00e5rs erfarenhet av m\u00e4tningar och en genuin passion [&hellip;]<\/p>","protected":false},"author":1,"featured_media":0,"parent":0,"menu_order":0,"comment_status":"closed","ping_status":"closed","template":"elementor_header_footer","meta":{"footnotes":""},"class_list":["post-213","page","type-page","status-publish","hentry","entry"],"_links":{"self":[{"href":"https:\/\/avamonitoring.com\/nb\/wp-json\/wp\/v2\/pages\/213","targetHints":{"allow":["GET"]}}],"collection":[{"href":"https:\/\/avamonitoring.com\/nb\/wp-json\/wp\/v2\/pages"}],"about":[{"href":"https:\/\/avamonitoring.com\/nb\/wp-json\/wp\/v2\/types\/page"}],"author":[{"embeddable":true,"href":"https:\/\/avamonitoring.com\/nb\/wp-json\/wp\/v2\/users\/1"}],"replies":[{"embeddable":true,"href":"https:\/\/avamonitoring.com\/nb\/wp-json\/wp\/v2\/comments?post=213"}],"version-history":[{"count":40,"href":"https:\/\/avamonitoring.com\/nb\/wp-json\/wp\/v2\/pages\/213\/revisions"}],"predecessor-version":[{"id":1464,"href":"https:\/\/avamonitoring.com\/nb\/wp-json\/wp\/v2\/pages\/213\/revisions\/1464"}],"wp:attachment":[{"href":"https:\/\/avamonitoring.com\/nb\/wp-json\/wp\/v2\/media?parent=213"}],"curies":[{"name":"wp","href":"https:\/\/api.w.org\/{rel}","templated":true}]}}