{"id":164,"date":"2021-12-09T10:56:37","date_gmt":"2021-12-09T10:56:37","guid":{"rendered":"https:\/\/journalio.se\/?page_id=164"},"modified":"2021-12-09T19:47:04","modified_gmt":"2021-12-09T19:47:04","slug":"kundcase","status":"publish","type":"page","link":"https:\/\/avamonitoring.com\/nb\/kundecase\/","title":{"rendered":"Kundecase"},"content":{"rendered":"<div data-elementor-type=\"wp-page\" data-elementor-id=\"164\" class=\"elementor elementor-164\" data-elementor-post-type=\"page\">\n\t\t\t\t\t\t<section class=\"elementor-section elementor-top-section elementor-element elementor-element-5e4b6c8 elementor-section-height-min-height elementor-section-content-bottom elementor-section-items-stretch elementor-section-boxed elementor-section-height-default\" data-id=\"5e4b6c8\" data-element_type=\"section\" data-e-type=\"section\" data-settings=\"{&quot;background_background&quot;:&quot;classic&quot;}\">\n\t\t\t\t\t\t<div class=\"elementor-container elementor-column-gap-default\">\n\t\t\t\t\t<div class=\"elementor-column elementor-col-100 elementor-top-column elementor-element elementor-element-ae45de0\" data-id=\"ae45de0\" data-element_type=\"column\" data-e-type=\"column\">\n\t\t\t<div class=\"elementor-widget-wrap elementor-element-populated\">\n\t\t\t\t\t\t<section class=\"elementor-section elementor-inner-section elementor-element elementor-element-b0f5e1d elementor-section-content-middle elementor-section-boxed elementor-section-height-default elementor-section-height-default\" data-id=\"b0f5e1d\" data-element_type=\"section\" data-e-type=\"section\">\n\t\t\t\t\t\t<div class=\"elementor-container elementor-column-gap-default\">\n\t\t\t\t\t<div class=\"elementor-column elementor-col-100 elementor-inner-column elementor-element elementor-element-8d3cab0\" data-id=\"8d3cab0\" data-element_type=\"column\" data-e-type=\"column\">\n\t\t\t<div class=\"elementor-widget-wrap elementor-element-populated\">\n\t\t\t\t\t\t<div class=\"elementor-element elementor-element-8afac8b elementor-widget elementor-widget-heading\" data-id=\"8afac8b\" data-element_type=\"widget\" data-e-type=\"widget\" data-widget_type=\"heading.default\">\n\t\t\t\t<div class=\"elementor-widget-container\">\n\t\t\t\t\t<h2 class=\"elementor-heading-title elementor-size-default\">Kundecase<\/h2>\t\t\t\t<\/div>\n\t\t\t\t<\/div>\n\t\t\t\t<div class=\"elementor-element elementor-element-52a3b5e elementor-hidden-mobile elementor-widget elementor-widget-text-editor\" data-id=\"52a3b5e\" data-element_type=\"widget\" data-e-type=\"widget\" data-widget_type=\"text-editor.default\">\n\t\t\t\t<div class=\"elementor-widget-container\">\n\t\t\t\t\t\t\t\t\t<p>Vil du vite mer om hvordan AVA Monitoring System brukes til overholdelse av regelverk, redusere milj\u00f8risikoen og for v\u00e5re kunder til \u00e5 arbeide effektivt og \u00f8konomisk? Her er noen eksempler.<\/p>\t\t\t\t\t\t\t\t<\/div>\n\t\t\t\t<\/div>\n\t\t\t\t\t<\/div>\n\t\t<\/div>\n\t\t\t\t\t<\/div>\n\t\t<\/section>\n\t\t\t\t\t<\/div>\n\t\t<\/div>\n\t\t\t\t\t<\/div>\n\t\t<\/section>\n\t\t\t\t<section class=\"elementor-section elementor-top-section elementor-element elementor-element-4706bf1 elementor-section-boxed elementor-section-height-default elementor-section-height-default\" data-id=\"4706bf1\" data-element_type=\"section\" data-e-type=\"section\">\n\t\t\t\t\t\t<div class=\"elementor-container elementor-column-gap-default\">\n\t\t\t\t\t<div class=\"elementor-column elementor-col-100 elementor-top-column elementor-element elementor-element-04e978e\" data-id=\"04e978e\" data-element_type=\"column\" data-e-type=\"column\">\n\t\t\t<div class=\"elementor-widget-wrap elementor-element-populated\">\n\t\t\t\t\t\t<section class=\"elementor-section elementor-inner-section elementor-element elementor-element-ba5d7ff elementor-section-boxed elementor-section-height-default elementor-section-height-default\" data-id=\"ba5d7ff\" data-element_type=\"section\" data-e-type=\"section\">\n\t\t\t\t\t\t<div class=\"elementor-container elementor-column-gap-default\">\n\t\t\t\t\t<div class=\"elementor-column elementor-col-33 elementor-inner-column elementor-element elementor-element-f88d948\" data-id=\"f88d948\" data-element_type=\"column\" data-e-type=\"column\">\n\t\t\t<div class=\"elementor-widget-wrap elementor-element-populated\">\n\t\t\t\t\t\t<div class=\"elementor-element elementor-element-cbce7d1 elementor-widget elementor-widget-heading\" data-id=\"cbce7d1\" data-element_type=\"widget\" data-e-type=\"widget\" data-widget_type=\"heading.default\">\n\t\t\t\t<div class=\"elementor-widget-container\">\n\t\t\t\t\t<h2 class=\"elementor-heading-title elementor-size-default\">Milj\u00f8- og omgivelsesoverv\u00e5king for en digital verden<\/h2>\t\t\t\t<\/div>\n\t\t\t\t<\/div>\n\t\t\t\t\t<\/div>\n\t\t<\/div>\n\t\t\t\t<div class=\"elementor-column elementor-col-66 elementor-inner-column elementor-element elementor-element-b87c27f\" data-id=\"b87c27f\" data-element_type=\"column\" data-e-type=\"column\">\n\t\t\t<div class=\"elementor-widget-wrap elementor-element-populated\">\n\t\t\t\t\t\t<div class=\"elementor-element elementor-element-c8e12d7 elementor-widget elementor-widget-text-editor\" data-id=\"c8e12d7\" data-element_type=\"widget\" data-e-type=\"widget\" data-widget_type=\"text-editor.default\">\n\t\t\t\t<div class=\"elementor-widget-container\">\n\t\t\t\t\t\t\t\t\t<p>Hvert spadetak, hver sprenging og alt grunnarbeid kan p\u00e5virke omgivelsene. V\u00e5rt oppdrag er \u00e5 s\u00f8rge for minst mulig risiko for menneske, samfunn og natur i forbindelse med infrastrukturprosjekter. AVA Monitoring System er unikt og markedsledende innen automatisk m\u00e5ling av vibrasjon. Det er automatisk, ubemannet, fjernstyrt, uavhengig av eksterne str\u00f8mkilder og kan b\u00e5de leses av og fjernstyres via din nettleser. Her er noen eksempel p\u00e5 hvordan v\u00e5re oppdragsgivere har hatt nytte av AVA Monitoring System.<\/p>\t\t\t\t\t\t\t\t<\/div>\n\t\t\t\t<\/div>\n\t\t\t\t\t<\/div>\n\t\t<\/div>\n\t\t\t\t\t<\/div>\n\t\t<\/section>\n\t\t\t\t\t<\/div>\n\t\t<\/div>\n\t\t\t\t\t<\/div>\n\t\t<\/section>\n\t\t\t\t<section class=\"elementor-section elementor-top-section elementor-element elementor-element-bc3c257 elementor-section-boxed elementor-section-height-default elementor-section-height-default\" data-id=\"bc3c257\" data-element_type=\"section\" data-e-type=\"section\">\n\t\t\t\t\t\t<div class=\"elementor-container elementor-column-gap-default\">\n\t\t\t\t\t<div class=\"elementor-column elementor-col-100 elementor-top-column elementor-element elementor-element-47e99e6\" data-id=\"47e99e6\" data-element_type=\"column\" data-e-type=\"column\">\n\t\t\t<div class=\"elementor-widget-wrap elementor-element-populated\">\n\t\t\t\t\t\t<div class=\"elementor-element elementor-element-4cc4d56 elementor-grid-2 elementor-grid-tablet-2 elementor-grid-mobile-1 elementor-posts--thumbnail-top elementor-posts__hover-gradient elementor-widget elementor-widget-posts\" data-id=\"4cc4d56\" data-element_type=\"widget\" data-e-type=\"widget\" data-settings=\"{&quot;cards_columns&quot;:&quot;2&quot;,&quot;cards_columns_tablet&quot;:&quot;2&quot;,&quot;cards_columns_mobile&quot;:&quot;1&quot;,&quot;cards_row_gap&quot;:{&quot;unit&quot;:&quot;px&quot;,&quot;size&quot;:35,&quot;sizes&quot;:[]},&quot;cards_row_gap_tablet&quot;:{&quot;unit&quot;:&quot;px&quot;,&quot;size&quot;:&quot;&quot;,&quot;sizes&quot;:[]},&quot;cards_row_gap_mobile&quot;:{&quot;unit&quot;:&quot;px&quot;,&quot;size&quot;:&quot;&quot;,&quot;sizes&quot;:[]}}\" data-widget_type=\"posts.cards\">\n\t\t\t\t<div class=\"elementor-widget-container\">\n\t\t\t\t\t\t\t<div class=\"elementor-posts-container elementor-posts elementor-posts--skin-cards elementor-grid\" role=\"list\">\n\t\t\t\t<article class=\"elementor-post elementor-grid-item post-500 post type-post status-publish format-standard has-post-thumbnail hentry category-kundcase entry has-media\" role=\"listitem\">\n\t\t\t<div class=\"elementor-post__card\">\n\t\t\t\t<a class=\"elementor-post__thumbnail__link\" href=\"https:\/\/avamonitoring.com\/nb\/kundecase-gotatunnelen\/\" tabindex=\"-1\" ><div class=\"elementor-post__thumbnail\"><img fetchpriority=\"high\" decoding=\"async\" width=\"300\" height=\"169\" src=\"https:\/\/avamonitoring.com\/wp-content\/uploads\/2021\/12\/Ava_Kundcase_Gotatunneln_500x281-300x169.jpg\" class=\"attachment-medium size-medium wp-image-501\" alt=\"\" srcset=\"https:\/\/avamonitoring.com\/wp-content\/uploads\/2021\/12\/Ava_Kundcase_Gotatunneln_500x281-300x169.jpg 300w, https:\/\/avamonitoring.com\/wp-content\/uploads\/2021\/12\/Ava_Kundcase_Gotatunneln_500x281.jpg 500w\" sizes=\"(max-width: 300px) 100vw, 300px\" \/><\/div><\/a>\n\t\t\t\t<div class=\"elementor-post__text\">\n\t\t\t\t<h3 class=\"elementor-post__title\">\n\t\t\t<a href=\"https:\/\/avamonitoring.com\/nb\/kundecase-gotatunnelen\/\" >\n\t\t\t\tForbedret bymilj\u00f8 med G\u00f6tatunnelen\t\t\t<\/a>\n\t\t<\/h3>\n\t\t\t\t<div class=\"elementor-post__excerpt\">\n\t\t\t<p>G\u00f6tatunnelen, som ble ferdigstilt i 2006, er et av G\u00f6teborgs st\u00f8rste byggeprosjekter og gav g\u00f6teborgerne kontakt med vannet igjen. Tunnelen strekker seg mellom J\u00e4rntorget og Lilla Bommen, med en veilengde p\u00e5 ca. 3 km, der selve tunnelen er 1,6 km.<\/p>\n\t\t<\/div>\n\t\t\n\t\t<a class=\"elementor-post__read-more\" href=\"https:\/\/avamonitoring.com\/nb\/kundecase-gotatunnelen\/\" aria-label=\"Read more about F\u00f6rb\u00e4ttrad stadsmilj\u00f6 med G\u00f6tatunneln\" tabindex=\"-1\" >\n\t\t\tLes mer\t\t<\/a>\n\n\t\t\t\t<\/div>\n\t\t\t\t\t<\/div>\n\t\t<\/article>\n\t\t\t\t<article class=\"elementor-post elementor-grid-item post-497 post type-post status-publish format-standard has-post-thumbnail hentry category-kundcase entry has-media\" role=\"listitem\">\n\t\t\t<div class=\"elementor-post__card\">\n\t\t\t\t<a class=\"elementor-post__thumbnail__link\" href=\"https:\/\/avamonitoring.com\/nb\/kundcase-sodertalje\/\" tabindex=\"-1\" ><div class=\"elementor-post__thumbnail\"><img decoding=\"async\" width=\"300\" height=\"169\" src=\"https:\/\/avamonitoring.com\/wp-content\/uploads\/2021\/12\/Ava_Kundcase_Sodertalje_500x281-300x169.jpg\" class=\"attachment-medium size-medium wp-image-498\" alt=\"\" srcset=\"https:\/\/avamonitoring.com\/wp-content\/uploads\/2021\/12\/Ava_Kundcase_Sodertalje_500x281-300x169.jpg 300w, https:\/\/avamonitoring.com\/wp-content\/uploads\/2021\/12\/Ava_Kundcase_Sodertalje_500x281.jpg 500w\" sizes=\"(max-width: 300px) 100vw, 300px\" \/><\/div><\/a>\n\t\t\t\t<div class=\"elementor-post__text\">\n\t\t\t\t<h3 class=\"elementor-post__title\">\n\t\t\t<a href=\"https:\/\/avamonitoring.com\/nb\/kundcase-sodertalje\/\" >\n\t\t\t\tBrokonstruksjon i komplisert terreng\t\t\t<\/a>\n\t\t<\/h3>\n\t\t\t\t<div class=\"elementor-post__excerpt\">\n\t\t\t<p>Med h\u00f8ye sikkerhetskrav og komplisert geoteknikk ble det n\u00f8dvendig med omfattende m\u00e5ling da den nye vindebroen over S\u00f6dert\u00e4ljekanalen skulle bygges. Jernbanen over S\u00f6dert\u00e4lje kj\u00f8rebro brukes hovedsakelig av<\/p>\n\t\t<\/div>\n\t\t\n\t\t<a class=\"elementor-post__read-more\" href=\"https:\/\/avamonitoring.com\/nb\/kundcase-sodertalje\/\" aria-label=\"Read more about Brobygge i komplicerad terr\u00e4ng\" tabindex=\"-1\" >\n\t\t\tLes mer\t\t<\/a>\n\n\t\t\t\t<\/div>\n\t\t\t\t\t<\/div>\n\t\t<\/article>\n\t\t\t\t<article class=\"elementor-post elementor-grid-item post-491 post type-post status-publish format-standard has-post-thumbnail hentry category-kundcase entry has-media\" role=\"listitem\">\n\t\t\t<div class=\"elementor-post__card\">\n\t\t\t\t<a class=\"elementor-post__thumbnail__link\" href=\"https:\/\/avamonitoring.com\/nb\/kundecase-fiskelykke\/\" tabindex=\"-1\" ><div class=\"elementor-post__thumbnail\"><img decoding=\"async\" width=\"300\" height=\"169\" src=\"https:\/\/avamonitoring.com\/wp-content\/uploads\/2021\/12\/Ava_Kundcase_Fiskelycka_500x281-300x169.jpg\" class=\"attachment-medium size-medium wp-image-492\" alt=\"\" srcset=\"https:\/\/avamonitoring.com\/wp-content\/uploads\/2021\/12\/Ava_Kundcase_Fiskelycka_500x281-300x169.jpg 300w, https:\/\/avamonitoring.com\/wp-content\/uploads\/2021\/12\/Ava_Kundcase_Fiskelycka_500x281.jpg 500w\" sizes=\"(max-width: 300px) 100vw, 300px\" \/><\/div><\/a>\n\t\t\t\t<div class=\"elementor-post__text\">\n\t\t\t\t<h3 class=\"elementor-post__title\">\n\t\t\t<a href=\"https:\/\/avamonitoring.com\/nb\/kundecase-fiskelykke\/\" >\n\t\t\t\tFiskelykken sikret med automatiske m\u00e5linger\t\t\t<\/a>\n\t\t<\/h3>\n\t\t\t\t<div class=\"elementor-post__excerpt\">\n\t\t\t<p>N\u00e5r hvert tak med gravemaskinskuffen kan p\u00e5virke omgivelsene \u2013 da \u00f8nsker man direkte tilgang til m\u00e5ledata. \u00c5F fikk maksimal kontroll til minimal kostnad da den nye fiskeveien i S\u00e4ve-elva ble bygd.<\/p>\n\t\t<\/div>\n\t\t\n\t\t<a class=\"elementor-post__read-more\" href=\"https:\/\/avamonitoring.com\/nb\/kundecase-fiskelykke\/\" aria-label=\"Read more about Fiskelyckan s\u00e4krad med automatiska m\u00e4tningar\" tabindex=\"-1\" >\n\t\t\tLes mer\t\t<\/a>\n\n\t\t\t\t<\/div>\n\t\t\t\t\t<\/div>\n\t\t<\/article>\n\t\t\t\t<article class=\"elementor-post elementor-grid-item post-488 post type-post status-publish format-standard has-post-thumbnail hentry category-kundcase entry has-media\" role=\"listitem\">\n\t\t\t<div class=\"elementor-post__card\">\n\t\t\t\t<a class=\"elementor-post__thumbnail__link\" href=\"https:\/\/avamonitoring.com\/nb\/kundecase-boras\/\" tabindex=\"-1\" ><div class=\"elementor-post__thumbnail\"><img loading=\"lazy\" decoding=\"async\" width=\"300\" height=\"169\" src=\"https:\/\/avamonitoring.com\/wp-content\/uploads\/2021\/12\/Ava_Kundcase_Boras_500x281-300x169.jpg\" class=\"attachment-medium size-medium wp-image-489\" alt=\"\" srcset=\"https:\/\/avamonitoring.com\/wp-content\/uploads\/2021\/12\/Ava_Kundcase_Boras_500x281-300x169.jpg 300w, https:\/\/avamonitoring.com\/wp-content\/uploads\/2021\/12\/Ava_Kundcase_Boras_500x281.jpg 500w\" sizes=\"(max-width: 300px) 100vw, 300px\" \/><\/div><\/a>\n\t\t\t\t<div class=\"elementor-post__text\">\n\t\t\t\t<h3 class=\"elementor-post__title\">\n\t\t\t<a href=\"https:\/\/avamonitoring.com\/nb\/kundecase-boras\/\" >\n\t\t\t\tBor\u00e5s sprenger 2 millioner kubikkmeter med fjell\t\t\t<\/a>\n\t\t<\/h3>\n\t\t\t\t<div class=\"elementor-post__excerpt\">\n\t\t\t<p>Bor\u00e5s vokser og n\u00e6ringslivets ettersp\u00f8rsel etter lokaler er stort. For \u00e5 lage plass til flere virksomheter gj\u00f8r kommunen n\u00e5 en storsatsing p\u00e5 det nye omr\u00e5det Viared vestre, et steinkast fra sentrale Bor\u00e5s.<\/p>\n\t\t<\/div>\n\t\t\n\t\t<a class=\"elementor-post__read-more\" href=\"https:\/\/avamonitoring.com\/nb\/kundecase-boras\/\" aria-label=\"Read more about Bor\u00e5s spr\u00e4nger 2 miljoner kubikmeter berg\" tabindex=\"-1\" >\n\t\t\tLes mer\t\t<\/a>\n\n\t\t\t\t<\/div>\n\t\t\t\t\t<\/div>\n\t\t<\/article>\n\t\t\t\t<article class=\"elementor-post elementor-grid-item post-484 post type-post status-publish format-standard has-post-thumbnail hentry category-kundcase entry has-media\" role=\"listitem\">\n\t\t\t<div class=\"elementor-post__card\">\n\t\t\t\t<a class=\"elementor-post__thumbnail__link\" href=\"https:\/\/avamonitoring.com\/nb\/kundecase-barnesykehus\/\" tabindex=\"-1\" ><div class=\"elementor-post__thumbnail\"><img loading=\"lazy\" decoding=\"async\" width=\"300\" height=\"167\" src=\"https:\/\/avamonitoring.com\/wp-content\/uploads\/2021\/12\/Screenshot-2021-12-14-at-10.11.27-300x167.png\" class=\"attachment-medium size-medium wp-image-512\" alt=\"\" srcset=\"https:\/\/avamonitoring.com\/wp-content\/uploads\/2021\/12\/Screenshot-2021-12-14-at-10.11.27-300x167.png 300w, https:\/\/avamonitoring.com\/wp-content\/uploads\/2021\/12\/Screenshot-2021-12-14-at-10.11.27.png 700w\" sizes=\"(max-width: 300px) 100vw, 300px\" \/><\/div><\/a>\n\t\t\t\t<div class=\"elementor-post__text\">\n\t\t\t\t<h3 class=\"elementor-post__title\">\n\t\t\t<a href=\"https:\/\/avamonitoring.com\/nb\/kundecase-barnesykehus\/\" >\n\t\t\t\tP\u00e5litelig m\u00e5ling beskytter mennesker og verdifulle bygninger\t\t\t<\/a>\n\t\t<\/h3>\n\t\t\t\t<div class=\"elementor-post__excerpt\">\n\t\t\t<p>M\u00e5lekonsulentene Murphy Surveys valgte Ava Monitoring System til \u00e5 gjennomf\u00f8re st\u00f8y- og vibrasjonsm\u00e5linger ved byggingen av Children\u2019s Hospital i Dublin.<\/p>\n\t\t<\/div>\n\t\t\n\t\t<a class=\"elementor-post__read-more\" href=\"https:\/\/avamonitoring.com\/nb\/kundecase-barnesykehus\/\" aria-label=\"Read more about Tillf\u00f6rlitlig m\u00e4tning skyddar m\u00e4nniskor och v\u00e4rdefulla byggnader\" tabindex=\"-1\" >\n\t\t\tLes mer\t\t<\/a>\n\n\t\t\t\t<\/div>\n\t\t\t\t\t<\/div>\n\t\t<\/article>\n\t\t\t\t<article class=\"elementor-post elementor-grid-item post-478 post type-post status-publish format-standard has-post-thumbnail hentry category-kundcase entry has-media\" role=\"listitem\">\n\t\t\t<div class=\"elementor-post__card\">\n\t\t\t\t<a class=\"elementor-post__thumbnail__link\" href=\"https:\/\/avamonitoring.com\/nb\/kundecase-vartaverket\/\" tabindex=\"-1\" ><div class=\"elementor-post__thumbnail\"><img loading=\"lazy\" decoding=\"async\" width=\"300\" height=\"168\" src=\"https:\/\/avamonitoring.com\/wp-content\/uploads\/2021\/12\/Screenshot-2021-12-14-at-10.12.24-300x168.png\" class=\"attachment-medium size-medium wp-image-511\" alt=\"\" srcset=\"https:\/\/avamonitoring.com\/wp-content\/uploads\/2021\/12\/Screenshot-2021-12-14-at-10.12.24-300x168.png 300w, https:\/\/avamonitoring.com\/wp-content\/uploads\/2021\/12\/Screenshot-2021-12-14-at-10.12.24.png 700w\" sizes=\"(max-width: 300px) 100vw, 300px\" \/><\/div><\/a>\n\t\t\t\t<div class=\"elementor-post__text\">\n\t\t\t\t<h3 class=\"elementor-post__title\">\n\t\t\t<a href=\"https:\/\/avamonitoring.com\/nb\/kundecase-vartaverket\/\" >\n\t\t\t\tVibrasjonsm\u00e5ling med 300 m\u00e5lepunkt ved V\u00e4rtaverket\t\t\t<\/a>\n\t\t<\/h3>\n\t\t\t\t<div class=\"elementor-post__excerpt\">\n\t\t\t<p>Fortum tar ingen risiko n\u00e5r de bygger Sveriges st\u00f8rste biobrenselfyrte kraftvarmeverk i Stockholm sentrum. \u00c5 bygge sentralt i Stockholm stiller alltid h\u00f8ye krav til sikkerhet.<\/p>\n\t\t<\/div>\n\t\t\n\t\t<a class=\"elementor-post__read-more\" href=\"https:\/\/avamonitoring.com\/nb\/kundecase-vartaverket\/\" aria-label=\"Read more about Vibrationsm\u00e4tning med 300 m\u00e4tpunkter vid V\u00e4rtaverket\" tabindex=\"-1\" >\n\t\t\tLes mer\t\t<\/a>\n\n\t\t\t\t<\/div>\n\t\t\t\t\t<\/div>\n\t\t<\/article>\n\t\t\t\t<article class=\"elementor-post elementor-grid-item post-472 post type-post status-publish format-standard has-post-thumbnail hentry category-kundcase entry has-media\" role=\"listitem\">\n\t\t\t<div class=\"elementor-post__card\">\n\t\t\t\t<a class=\"elementor-post__thumbnail__link\" href=\"https:\/\/avamonitoring.com\/nb\/kundcase-forbifart-stockholm\/\" tabindex=\"-1\" ><div class=\"elementor-post__thumbnail\"><img loading=\"lazy\" decoding=\"async\" width=\"300\" height=\"154\" src=\"https:\/\/avamonitoring.com\/wp-content\/uploads\/2021\/12\/AVAMonitoring-KundCase-Forbifart-Stockholm-1-300x154.jpg\" class=\"attachment-medium size-medium wp-image-473\" alt=\"\" srcset=\"https:\/\/avamonitoring.com\/wp-content\/uploads\/2021\/12\/AVAMonitoring-KundCase-Forbifart-Stockholm-1-300x154.jpg 300w, https:\/\/avamonitoring.com\/wp-content\/uploads\/2021\/12\/AVAMonitoring-KundCase-Forbifart-Stockholm-1-1024x527.jpg 1024w, https:\/\/avamonitoring.com\/wp-content\/uploads\/2021\/12\/AVAMonitoring-KundCase-Forbifart-Stockholm-1-768x395.jpg 768w, https:\/\/avamonitoring.com\/wp-content\/uploads\/2021\/12\/AVAMonitoring-KundCase-Forbifart-Stockholm-1.jpg 1100w\" sizes=\"(max-width: 300px) 100vw, 300px\" \/><\/div><\/a>\n\t\t\t\t<div class=\"elementor-post__text\">\n\t\t\t\t<h3 class=\"elementor-post__title\">\n\t\t\t<a href=\"https:\/\/avamonitoring.com\/nb\/kundcase-forbifart-stockholm\/\" >\n\t\t\t\tAVA Monitoring Systems i et av Sveriges st\u00f8rste infrastrukturprosjekter\t\t\t<\/a>\n\t\t<\/h3>\n\t\t\t\t<div class=\"elementor-post__excerpt\">\n\t\t\t<p>F\u00f6rbifart Stockholm er et av Sveriges st\u00f8rste infrastrukturprosjekter noensinne og har som m\u00e5l \u00e5 muliggj\u00f8re fortsatt vekst i hovedstaden. Prosjektet har som m\u00e5l \u00e5 forenkle hverdagen for<\/p>\n\t\t<\/div>\n\t\t\n\t\t<a class=\"elementor-post__read-more\" href=\"https:\/\/avamonitoring.com\/nb\/kundcase-forbifart-stockholm\/\" aria-label=\"Read more about AVA Monitoring Systems i ett av Sveriges st\u00f6rsta infrastrukturprojekt\" tabindex=\"-1\" >\n\t\t\tLes mer\t\t<\/a>\n\n\t\t\t\t<\/div>\n\t\t\t\t\t<\/div>\n\t\t<\/article>\n\t\t\t\t<\/div>\n\t\t\n\t\t\t\t\t\t<\/div>\n\t\t\t\t<\/div>\n\t\t\t\t\t<\/div>\n\t\t<\/div>\n\t\t\t\t\t<\/div>\n\t\t<\/section>\n\t\t\t\t<\/div>","protected":false},"excerpt":{"rendered":"<p>Kundcase Vill du veta mer om hur AVA Monitoring System anv\u00e4nds f\u00f6r att uppfylla lagkrav, minska milj\u00f6risker och f\u00f6r att v\u00e5ra uppdragsgivare ska kunna arbeta effektivt och ekonomiskt? H\u00e4r visar vi n\u00e5gra exempel. Milj\u00f6- och omgivnings\u00f6vervakning f\u00f6r en digital v\u00e4rld Varje spadtag, varje spr\u00e4ngning och markarbete kan p\u00e5verka omgivningen. V\u00e5rt uppdrag \u00e4r att minimera riskerna [&hellip;]<\/p>","protected":false},"author":1,"featured_media":0,"parent":0,"menu_order":0,"comment_status":"closed","ping_status":"closed","template":"elementor_header_footer","meta":{"footnotes":""},"class_list":["post-164","page","type-page","status-publish","hentry","entry","has-media"],"_links":{"self":[{"href":"https:\/\/avamonitoring.com\/nb\/wp-json\/wp\/v2\/pages\/164","targetHints":{"allow":["GET"]}}],"collection":[{"href":"https:\/\/avamonitoring.com\/nb\/wp-json\/wp\/v2\/pages"}],"about":[{"href":"https:\/\/avamonitoring.com\/nb\/wp-json\/wp\/v2\/types\/page"}],"author":[{"embeddable":true,"href":"https:\/\/avamonitoring.com\/nb\/wp-json\/wp\/v2\/users\/1"}],"replies":[{"embeddable":true,"href":"https:\/\/avamonitoring.com\/nb\/wp-json\/wp\/v2\/comments?post=164"}],"version-history":[{"count":25,"href":"https:\/\/avamonitoring.com\/nb\/wp-json\/wp\/v2\/pages\/164\/revisions"}],"predecessor-version":[{"id":324,"href":"https:\/\/avamonitoring.com\/nb\/wp-json\/wp\/v2\/pages\/164\/revisions\/324"}],"wp:attachment":[{"href":"https:\/\/avamonitoring.com\/nb\/wp-json\/wp\/v2\/media?parent=164"}],"curies":[{"name":"wp","href":"https:\/\/api.w.org\/{rel}","templated":true}]}}