{"id":156,"date":"2021-12-09T10:43:06","date_gmt":"2021-12-09T10:43:06","guid":{"rendered":"https:\/\/journalio.se\/?page_id=156"},"modified":"2026-04-13T10:30:21","modified_gmt":"2026-04-13T09:30:21","slug":"support","status":"publish","type":"page","link":"https:\/\/avamonitoring.com\/nb\/support\/","title":{"rendered":"Support"},"content":{"rendered":"<div data-elementor-type=\"wp-page\" data-elementor-id=\"156\" class=\"elementor elementor-156\" data-elementor-post-type=\"page\">\n\t\t\t\t\t\t<section class=\"elementor-section elementor-top-section elementor-element elementor-element-5e4b6c8 elementor-section-height-min-height elementor-section-content-bottom elementor-section-items-stretch elementor-section-boxed elementor-section-height-default\" data-id=\"5e4b6c8\" data-element_type=\"section\" data-e-type=\"section\" data-settings=\"{&quot;background_background&quot;:&quot;classic&quot;}\">\n\t\t\t\t\t\t<div class=\"elementor-container elementor-column-gap-default\">\n\t\t\t\t\t<div class=\"elementor-column elementor-col-100 elementor-top-column elementor-element elementor-element-ae45de0\" data-id=\"ae45de0\" data-element_type=\"column\" data-e-type=\"column\">\n\t\t\t<div class=\"elementor-widget-wrap elementor-element-populated\">\n\t\t\t\t\t\t<section class=\"elementor-section elementor-inner-section elementor-element elementor-element-b0f5e1d elementor-section-content-middle elementor-section-boxed elementor-section-height-default elementor-section-height-default\" data-id=\"b0f5e1d\" data-element_type=\"section\" data-e-type=\"section\">\n\t\t\t\t\t\t<div class=\"elementor-container elementor-column-gap-default\">\n\t\t\t\t\t<div class=\"elementor-column elementor-col-100 elementor-inner-column elementor-element elementor-element-8d3cab0\" data-id=\"8d3cab0\" data-element_type=\"column\" data-e-type=\"column\">\n\t\t\t<div class=\"elementor-widget-wrap elementor-element-populated\">\n\t\t\t\t\t\t<div class=\"elementor-element elementor-element-8afac8b elementor-widget elementor-widget-heading\" data-id=\"8afac8b\" data-element_type=\"widget\" data-e-type=\"widget\" data-widget_type=\"heading.default\">\n\t\t\t\t<div class=\"elementor-widget-container\">\n\t\t\t\t\t<h2 class=\"elementor-heading-title elementor-size-default\">Support<\/h2>\t\t\t\t<\/div>\n\t\t\t\t<\/div>\n\t\t\t\t<div class=\"elementor-element elementor-element-52a3b5e elementor-hidden-mobile elementor-widget elementor-widget-text-editor\" data-id=\"52a3b5e\" data-element_type=\"widget\" data-e-type=\"widget\" data-widget_type=\"text-editor.default\">\n\t\t\t\t<div class=\"elementor-widget-container\">\n\t\t\t\t\t\t\t\t\t<p>\u00a0Vi er aldri lengre unna enn en telefonsamtale og er alltid \u00e5pne for samarbeid. Trenger du mer kunnskap om v\u00e5re instrumenter eller teknisk hjelp p\u00e5 ekspertniv\u00e5? Kontakt oss! Vi ser fram til \u00e5 snakke med deg. Det er ogs\u00e5 store muligheter for at du finner svaret p\u00e5 sp\u00f8rsm\u00e5let ditt nedenfor.<\/p>\t\t\t\t\t\t\t\t<\/div>\n\t\t\t\t<\/div>\n\t\t\t\t\t<\/div>\n\t\t<\/div>\n\t\t\t\t\t<\/div>\n\t\t<\/section>\n\t\t\t\t\t<\/div>\n\t\t<\/div>\n\t\t\t\t\t<\/div>\n\t\t<\/section>\n\t\t\t\t<section class=\"elementor-section elementor-top-section elementor-element elementor-element-ceb3763 elementor-section-height-min-height elementor-section-items-stretch elementor-section-boxed elementor-section-height-default\" data-id=\"ceb3763\" data-element_type=\"section\" data-e-type=\"section\">\n\t\t\t\t\t\t<div class=\"elementor-container elementor-column-gap-wider\">\n\t\t\t\t\t<div class=\"elementor-column elementor-col-100 elementor-top-column elementor-element elementor-element-a218bf2\" data-id=\"a218bf2\" data-element_type=\"column\" data-e-type=\"column\">\n\t\t\t<div class=\"elementor-widget-wrap\">\n\t\t\t\t\t\t\t<\/div>\n\t\t<\/div>\n\t\t\t\t\t<\/div>\n\t\t<\/section>\n\t\t\t\t<section class=\"elementor-section elementor-top-section elementor-element elementor-element-5a94fa4 elementor-section-height-min-height elementor-section-items-stretch elementor-section-boxed elementor-section-height-default\" data-id=\"5a94fa4\" data-element_type=\"section\" data-e-type=\"section\">\n\t\t\t\t\t\t<div class=\"elementor-container elementor-column-gap-wider\">\n\t\t\t\t\t<div class=\"elementor-column elementor-col-33 elementor-top-column elementor-element elementor-element-385d5a2\" data-id=\"385d5a2\" data-element_type=\"column\" data-e-type=\"column\">\n\t\t\t<div class=\"elementor-widget-wrap elementor-element-populated\">\n\t\t\t\t\t\t<div class=\"elementor-element elementor-element-835e35f elementor-widget elementor-widget-image\" data-id=\"835e35f\" data-element_type=\"widget\" data-e-type=\"widget\" data-widget_type=\"image.default\">\n\t\t\t\t<div class=\"elementor-widget-container\">\n\t\t\t\t\t\t\t\t\t\t\t\t\t\t\t<img fetchpriority=\"high\" decoding=\"async\" width=\"465\" height=\"365\" src=\"https:\/\/avamonitoring.com\/wp-content\/uploads\/2021\/12\/AVA_Broschyrer.jpg\" class=\"attachment-large size-large wp-image-158\" alt=\"\" srcset=\"https:\/\/avamonitoring.com\/wp-content\/uploads\/2021\/12\/AVA_Broschyrer.jpg 465w, https:\/\/avamonitoring.com\/wp-content\/uploads\/2021\/12\/AVA_Broschyrer-300x235.jpg 300w\" sizes=\"(max-width: 465px) 100vw, 465px\" \/>\t\t\t\t\t\t\t\t\t\t\t\t\t\t\t<\/div>\n\t\t\t\t<\/div>\n\t\t\t\t<div class=\"elementor-element elementor-element-70d38c2 elementor-widget elementor-widget-heading\" data-id=\"70d38c2\" data-element_type=\"widget\" data-e-type=\"widget\" data-widget_type=\"heading.default\">\n\t\t\t\t<div class=\"elementor-widget-container\">\n\t\t\t\t\t<h2 class=\"elementor-heading-title elementor-size-default\">Tekniske spesifikasjoner og brukerveiledninger<\/h2>\t\t\t\t<\/div>\n\t\t\t\t<\/div>\n\t\t\t\t<div class=\"elementor-element elementor-element-cb6e19c elementor-widget elementor-widget-text-editor\" data-id=\"cb6e19c\" data-element_type=\"widget\" data-e-type=\"widget\" data-widget_type=\"text-editor.default\">\n\t\t\t\t<div class=\"elementor-widget-container\">\n\t\t\t\t\t\t\t\t\t<p>\u2022 <a href=\"https:\/\/avamonitoring.com\/wp-content\/uploads\/2026\/03\/19050-AVA-Monitoring_Produktblad-M90_ENG-sept-2025.pdf\">AvaTrace M90<\/a> (engelsk)<br \/>\u2022 <a href=\"https:\/\/avamonitoring.com\/wp-content\/uploads\/2021\/12\/AVA-Monitoring-Produktblad-EM2030_ENG.pdf\">Sonitus EM2030<\/a> (engelsk)<\/p>\t\t\t\t\t\t\t\t<\/div>\n\t\t\t\t<\/div>\n\t\t\t\t\t<\/div>\n\t\t<\/div>\n\t\t\t\t<div class=\"elementor-column elementor-col-33 elementor-top-column elementor-element elementor-element-7d980c1\" data-id=\"7d980c1\" data-element_type=\"column\" data-e-type=\"column\">\n\t\t\t<div class=\"elementor-widget-wrap elementor-element-populated\">\n\t\t\t\t\t\t<div class=\"elementor-element elementor-element-38a5e93 elementor-widget elementor-widget-image\" data-id=\"38a5e93\" data-element_type=\"widget\" data-e-type=\"widget\" data-widget_type=\"image.default\">\n\t\t\t\t<div class=\"elementor-widget-container\">\n\t\t\t\t\t\t\t\t\t\t\t\t\t\t\t<img decoding=\"async\" width=\"1024\" height=\"1024\" src=\"https:\/\/avamonitoring.com\/wp-content\/uploads\/2026\/04\/Demo-Ava-1024x1024.jpg\" class=\"attachment-large size-large wp-image-1476\" alt=\"\" srcset=\"https:\/\/avamonitoring.com\/wp-content\/uploads\/2026\/04\/Demo-Ava-1024x1024.jpg 1024w, https:\/\/avamonitoring.com\/wp-content\/uploads\/2026\/04\/Demo-Ava-300x300.jpg 300w, https:\/\/avamonitoring.com\/wp-content\/uploads\/2026\/04\/Demo-Ava-150x150.jpg 150w, https:\/\/avamonitoring.com\/wp-content\/uploads\/2026\/04\/Demo-Ava-768x768.jpg 768w, https:\/\/avamonitoring.com\/wp-content\/uploads\/2026\/04\/Demo-Ava-1536x1536.jpg 1536w, https:\/\/avamonitoring.com\/wp-content\/uploads\/2026\/04\/Demo-Ava-12x12.jpg 12w, https:\/\/avamonitoring.com\/wp-content\/uploads\/2026\/04\/Demo-Ava-600x600.jpg 600w, https:\/\/avamonitoring.com\/wp-content\/uploads\/2026\/04\/Demo-Ava.jpg 2000w\" sizes=\"(max-width: 1024px) 100vw, 1024px\" \/>\t\t\t\t\t\t\t\t\t\t\t\t\t\t\t<\/div>\n\t\t\t\t<\/div>\n\t\t\t\t<div class=\"elementor-element elementor-element-fb9339d elementor-widget elementor-widget-heading\" data-id=\"fb9339d\" data-element_type=\"widget\" data-e-type=\"widget\" data-widget_type=\"heading.default\">\n\t\t\t\t<div class=\"elementor-widget-container\">\n\t\t\t\t\t<h2 class=\"elementor-heading-title elementor-size-default\">Boka en demo<\/h2>\t\t\t\t<\/div>\n\t\t\t\t<\/div>\n\t\t\t\t<div class=\"elementor-element elementor-element-13ae7d0 elementor-widget elementor-widget-text-editor\" data-id=\"13ae7d0\" data-element_type=\"widget\" data-e-type=\"widget\" data-widget_type=\"text-editor.default\">\n\t\t\t\t<div class=\"elementor-widget-container\">\n\t\t\t\t\t\t\t\t\t<p data-start=\"93\" data-end=\"319\"><span style=\"font-size: 16px;\">Vill du se v\u00e5ra l\u00f6sningar i praktiken? Kontakta oss f\u00f6r att boka en demo av v\u00e5ra instrument eller v\u00e5r mjukvara. Vi guidar dig genom funktionerna och hj\u00e4lper dig hitta r\u00e4tt l\u00f6sning.<\/span><\/p><p><a href=\"https:\/\/avamonitoring.com\/nb\/kontakt\/\">Kontakt oss<\/a>\u00a0s\u00e5 hj\u00e4lper vi dig utifr\u00e5n dina behov.<\/p>\t\t\t\t\t\t\t\t<\/div>\n\t\t\t\t<\/div>\n\t\t\t\t\t<\/div>\n\t\t<\/div>\n\t\t\t\t<div class=\"elementor-column elementor-col-33 elementor-top-column elementor-element elementor-element-f60266c\" data-id=\"f60266c\" data-element_type=\"column\" data-e-type=\"column\">\n\t\t\t<div class=\"elementor-widget-wrap elementor-element-populated\">\n\t\t\t\t\t\t<div class=\"elementor-element elementor-element-b9b5697 elementor-widget elementor-widget-image\" data-id=\"b9b5697\" data-element_type=\"widget\" data-e-type=\"widget\" data-widget_type=\"image.default\">\n\t\t\t\t<div class=\"elementor-widget-container\">\n\t\t\t\t\t\t\t\t\t\t\t\t\t\t\t<img decoding=\"async\" width=\"600\" height=\"350\" src=\"https:\/\/avamonitoring.com\/wp-content\/uploads\/2021\/12\/Puff_Batteri_600x350.jpg\" class=\"attachment-large size-large wp-image-51\" alt=\"\" srcset=\"https:\/\/avamonitoring.com\/wp-content\/uploads\/2021\/12\/Puff_Batteri_600x350.jpg 600w, https:\/\/avamonitoring.com\/wp-content\/uploads\/2021\/12\/Puff_Batteri_600x350-300x175.jpg 300w\" sizes=\"(max-width: 600px) 100vw, 600px\" \/>\t\t\t\t\t\t\t\t\t\t\t\t\t\t\t<\/div>\n\t\t\t\t<\/div>\n\t\t\t\t<div class=\"elementor-element elementor-element-34b82fc elementor-widget elementor-widget-heading\" data-id=\"34b82fc\" data-element_type=\"widget\" data-e-type=\"widget\" data-widget_type=\"heading.default\">\n\t\t\t\t<div class=\"elementor-widget-container\">\n\t\t\t\t\t<h2 class=\"elementor-heading-title elementor-size-default\">Reparasjon, service og kalibrering<\/h2>\t\t\t\t<\/div>\n\t\t\t\t<\/div>\n\t\t\t\t<div class=\"elementor-element elementor-element-486fb98 elementor-widget elementor-widget-text-editor\" data-id=\"486fb98\" data-element_type=\"widget\" data-e-type=\"widget\" data-widget_type=\"text-editor.default\">\n\t\t\t\t<div class=\"elementor-widget-container\">\n\t\t\t\t\t\t\t\t\t<p>Vi tilbyr deg som er kunde hos AVA Monitoring, reparasjon, service og kalibrering av instrumentet ditt. N\u00e5r du sender instrumentet til service, f\u00e5r du svar innen et par dager, med vurdering av ev. kostnad samt tidspunkt for n\u00e5r instrumentet sendes tilbake til deg. N\u00e5r instrumentet ditt trenger kalibrering, sender vi deg en p\u00e5minnelse via e-post. Du finner ogs\u00e5 informasjon om n\u00e5r tiden er inne for \u00e5 kalibrere p\u00e5 produktet, samt i <a href=\"https:\/\/avamonitoring.com\/nb\/avanet\/\">AvaNet<\/a>. Kontakta oss via <a href=\"mailto:support@avamonitoring.com\">support@avamonitoring.com<\/a> eller p\u00e5 telefon: +46 31-760 12 20.<\/p>\t\t\t\t\t\t\t\t<\/div>\n\t\t\t\t<\/div>\n\t\t\t\t\t<\/div>\n\t\t<\/div>\n\t\t\t\t\t<\/div>\n\t\t<\/section>\n\t\t\t\t<section class=\"elementor-section elementor-top-section elementor-element elementor-element-fcee3a0 elementor-section-boxed elementor-section-height-default elementor-section-height-default\" data-id=\"fcee3a0\" data-element_type=\"section\" data-e-type=\"section\">\n\t\t\t\t\t\t<div class=\"elementor-container elementor-column-gap-default\">\n\t\t\t\t\t<div class=\"elementor-column elementor-col-50 elementor-top-column elementor-element elementor-element-641f00f\" data-id=\"641f00f\" data-element_type=\"column\" data-e-type=\"column\" data-settings=\"{&quot;background_background&quot;:&quot;classic&quot;}\">\n\t\t\t<div class=\"elementor-widget-wrap elementor-element-populated\">\n\t\t\t\t\t\t<div class=\"elementor-element elementor-element-df60353 elementor-widget elementor-widget-image\" data-id=\"df60353\" data-element_type=\"widget\" data-e-type=\"widget\" data-widget_type=\"image.default\">\n\t\t\t\t<div class=\"elementor-widget-container\">\n\t\t\t\t\t\t\t\t\t\t\t\t\t\t\t<img loading=\"lazy\" decoding=\"async\" width=\"1024\" height=\"1024\" src=\"https:\/\/avamonitoring.com\/wp-content\/uploads\/2026\/03\/Support-Ava-monitoring-1-1024x1024.jpg\" class=\"attachment-large size-large wp-image-1369\" alt=\"An image on a support technical\" srcset=\"https:\/\/avamonitoring.com\/wp-content\/uploads\/2026\/03\/Support-Ava-monitoring-1-1024x1024.jpg 1024w, https:\/\/avamonitoring.com\/wp-content\/uploads\/2026\/03\/Support-Ava-monitoring-1-300x300.jpg 300w, https:\/\/avamonitoring.com\/wp-content\/uploads\/2026\/03\/Support-Ava-monitoring-1-150x150.jpg 150w, https:\/\/avamonitoring.com\/wp-content\/uploads\/2026\/03\/Support-Ava-monitoring-1-768x768.jpg 768w, https:\/\/avamonitoring.com\/wp-content\/uploads\/2026\/03\/Support-Ava-monitoring-1-1536x1536.jpg 1536w, https:\/\/avamonitoring.com\/wp-content\/uploads\/2026\/03\/Support-Ava-monitoring-1-12x12.jpg 12w, https:\/\/avamonitoring.com\/wp-content\/uploads\/2026\/03\/Support-Ava-monitoring-1-600x600.jpg 600w, https:\/\/avamonitoring.com\/wp-content\/uploads\/2026\/03\/Support-Ava-monitoring-1.jpg 1800w\" sizes=\"(max-width: 1024px) 100vw, 1024px\" \/>\t\t\t\t\t\t\t\t\t\t\t\t\t\t\t<\/div>\n\t\t\t\t<\/div>\n\t\t\t\t<div class=\"elementor-element elementor-element-a7c1075 elementor-widget elementor-widget-heading\" data-id=\"a7c1075\" data-element_type=\"widget\" data-e-type=\"widget\" data-widget_type=\"heading.default\">\n\t\t\t\t<div class=\"elementor-widget-container\">\n\t\t\t\t\t<h2 class=\"elementor-heading-title elementor-size-default\">Kontakt oss\n<\/h2>\t\t\t\t<\/div>\n\t\t\t\t<\/div>\n\t\t\t\t<div class=\"elementor-element elementor-element-770a695 elementor-widget elementor-widget-text-editor\" data-id=\"770a695\" data-element_type=\"widget\" data-e-type=\"widget\" data-widget_type=\"text-editor.default\">\n\t\t\t\t<div class=\"elementor-widget-container\">\n\t\t\t\t\t\t\t\t\t<p>V\u00e5r telefonsupport n\u00e5r du p\u00e5 nummer +46 31-760 12 20 <br \/>alle hverdager mellom 08.00\u201311.30 og 12.30\u201316.30.<\/p><p>Du kan ogs\u00e5 sende en e-post direkte til\u00a0<a href=\"mailto:support@avamonitoring.com\">support@avamonitoring.com<\/a><\/p>\t\t\t\t\t\t\t\t<\/div>\n\t\t\t\t<\/div>\n\t\t\t\t\t<\/div>\n\t\t<\/div>\n\t\t\t\t<div class=\"elementor-column elementor-col-50 elementor-top-column elementor-element elementor-element-8f8a482\" data-id=\"8f8a482\" data-element_type=\"column\" data-e-type=\"column\">\n\t\t\t<div class=\"elementor-widget-wrap elementor-element-populated\">\n\t\t\t\t\t\t<div class=\"elementor-element elementor-element-458e042 elementor-widget elementor-widget-heading\" data-id=\"458e042\" data-element_type=\"widget\" data-e-type=\"widget\" data-widget_type=\"heading.default\">\n\t\t\t\t<div class=\"elementor-widget-container\">\n\t\t\t\t\t<h3 class=\"elementor-heading-title elementor-size-default\">Elektronisk saksh\u00e5ndteringssystem\n<\/h3>\t\t\t\t<\/div>\n\t\t\t\t<\/div>\n\t\t\t\t<div class=\"elementor-element elementor-element-62eabe4 elementor-widget elementor-widget-text-editor\" data-id=\"62eabe4\" data-element_type=\"widget\" data-e-type=\"widget\" data-widget_type=\"text-editor.default\">\n\t\t\t\t<div class=\"elementor-widget-container\">\n\t\t\t\t\t\t\t\t\t<div class=\"wpb_text_column wpb_content_element\"><div class=\"wpb_wrapper\"><p>Fyll ut s\u00f8kefeltet for n\u00e5r som helst \u00e5 legge inn saken eller foresp\u00f8rselen din i v\u00e5rt elektroniske saksh\u00e5ndteringssystem. Du tildeles da automatisk et saksnummer som gj\u00f8r det enklere for begge parter \u00e5 f\u00f8lge og h\u00e5ndtere saken.<\/p><\/div><\/div>\t\t\t\t\t\t\t\t<\/div>\n\t\t\t\t<\/div>\n\t\t\t\t<div class=\"elementor-element elementor-element-29522a1 elementor-button-align-stretch elementor-widget elementor-widget-form\" data-id=\"29522a1\" data-element_type=\"widget\" data-e-type=\"widget\" data-settings=\"{&quot;step_next_label&quot;:&quot;Next&quot;,&quot;step_previous_label&quot;:&quot;Previous&quot;,&quot;button_width&quot;:&quot;100&quot;,&quot;step_type&quot;:&quot;number_text&quot;,&quot;step_icon_shape&quot;:&quot;circle&quot;}\" data-widget_type=\"form.default\">\n\t\t\t\t<div class=\"elementor-widget-container\">\n\t\t\t\t\t\t\t<form class=\"elementor-form\" method=\"post\" name=\"New Form\" aria-label=\"New Form\" action=\"\">\n\t\t\t<input type=\"hidden\" name=\"post_id\" value=\"156\"\/>\n\t\t\t<input type=\"hidden\" name=\"form_id\" value=\"29522a1\"\/>\n\t\t\t<input type=\"hidden\" name=\"referer_title\" value=\"\" \/>\n\n\t\t\t\n\t\t\t<div class=\"elementor-form-fields-wrapper elementor-labels-above\">\n\t\t\t\t\t\t\t\t<div class=\"elementor-field-type-text elementor-field-group elementor-column elementor-field-group-name elementor-col-100 elementor-field-required\">\n\t\t\t\t\t\t\t\t\t\t\t\t<label for=\"form-field-name\" class=\"elementor-field-label\">\n\t\t\t\t\t\t\t\tNavn\t\t\t\t\t\t\t<\/label>\n\t\t\t\t\t\t\t\t\t\t\t\t\t\t<input size=\"1\" type=\"text\" name=\"form_fields[name]\" id=\"form-field-name\" class=\"elementor-field elementor-size-sm  elementor-field-textual\" required=\"required\">\n\t\t\t\t\t\t\t\t\t\t\t<\/div>\n\t\t\t\t\t\t\t\t<div class=\"elementor-field-type-email elementor-field-group elementor-column elementor-field-group-email elementor-col-100 elementor-field-required\">\n\t\t\t\t\t\t\t\t\t\t\t\t<label for=\"form-field-email\" class=\"elementor-field-label\">\n\t\t\t\t\t\t\t\tE-post\t\t\t\t\t\t\t<\/label>\n\t\t\t\t\t\t\t\t\t\t\t\t\t\t<input size=\"1\" type=\"email\" name=\"form_fields[email]\" id=\"form-field-email\" class=\"elementor-field elementor-size-sm  elementor-field-textual\" required=\"required\">\n\t\t\t\t\t\t\t\t\t\t\t<\/div>\n\t\t\t\t\t\t\t\t<div class=\"elementor-field-type-textarea elementor-field-group elementor-column elementor-field-group-message elementor-col-100 elementor-field-required\">\n\t\t\t\t\t\t\t\t\t\t\t\t<label for=\"form-field-message\" class=\"elementor-field-label\">\n\t\t\t\t\t\t\t\tBeskjed\t\t\t\t\t\t\t<\/label>\n\t\t\t\t\t\t<textarea class=\"elementor-field-textual elementor-field  elementor-size-sm\" name=\"form_fields[message]\" id=\"form-field-message\" rows=\"4\" required=\"required\"><\/textarea>\t\t\t\t<\/div>\n\t\t\t\t\t\t\t\t<div class=\"elementor-field-type-hidden elementor-field-group elementor-column elementor-field-group-formid elementor-col-100\">\n\t\t\t\t\t\t\t\t\t\t\t\t\t<input size=\"1\" type=\"hidden\" name=\"form_fields[formid]\" id=\"form-field-formid\" class=\"elementor-field elementor-size-sm  elementor-field-textual\">\n\t\t\t\t\t\t\t\t\t\t\t<\/div>\n\t\t\t\t\t\t\t\t<div class=\"elementor-field-group elementor-column elementor-field-type-submit elementor-col-100 e-form__buttons\">\n\t\t\t\t\t<button class=\"elementor-button elementor-size-sm\" type=\"submit\">\n\t\t\t\t\t\t<span class=\"elementor-button-content-wrapper\">\n\t\t\t\t\t\t\t\t\t\t\t\t\t\t\t\t\t\t\t\t\t\t<span class=\"elementor-button-text\">Sende<\/span>\n\t\t\t\t\t\t\t\t\t\t\t\t\t<\/span>\n\t\t\t\t\t<\/button>\n\t\t\t\t<\/div>\n\t\t\t<\/div>\n\t\t<input type=\"hidden\" name=\"trp-form-language\" value=\"nb\"\/><\/form>\n\t\t\t\t\t\t<\/div>\n\t\t\t\t<\/div>\n\t\t\t\t<div class=\"elementor-element elementor-element-346e369 elementor-widget elementor-widget-html\" data-id=\"346e369\" data-element_type=\"widget\" data-e-type=\"widget\" data-widget_type=\"html.default\">\n\t\t\t\t<div class=\"elementor-widget-container\">\n\t\t\t\t\t<script>let date = new Date()\nlet month = date.getMonth() + 1; \nlet day = date.getDate();\nlet hour = date.getHours();\nlet minutes = date.getMinutes();\nlet seconds = date.getSeconds();\ndocument.getElementById('form-field-formid').value = \"0\" + month + day + hour + minutes + seconds;  <\/script>\n<noscript>Du m\u00e5ste aktivera Javascript f\u00f6r att kunna skicka in ett \u00e4rende<\/noscript>\t\t\t\t<\/div>\n\t\t\t\t<\/div>\n\t\t\t\t\t<\/div>\n\t\t<\/div>\n\t\t\t\t\t<\/div>\n\t\t<\/section>\n\t\t\t\t<\/div>","protected":false},"excerpt":{"rendered":"<p>Support \u00a0Vi \u00e4r aldrig l\u00e4ngre bort \u00e4n ett telefonsamtal och \u00e4r alltid \u00f6ppna f\u00f6r samarbeten. Beh\u00f6ver du mer kunskap om v\u00e5ra instrument eller teknisk hj\u00e4lp p\u00e5 expertniv\u00e5? Kontakta oss! Vi ser fram emot ditt samtal. Det \u00e4r ocks\u00e5 stor chans att du hittar svaret p\u00e5 din fr\u00e5ga nedan. Tekniska specifikationer och manualer \u2022 AvaTrace M90 [&hellip;]<\/p>","protected":false},"author":1,"featured_media":0,"parent":0,"menu_order":0,"comment_status":"closed","ping_status":"closed","template":"elementor_header_footer","meta":{"footnotes":""},"class_list":["post-156","page","type-page","status-publish","hentry","entry"],"_links":{"self":[{"href":"https:\/\/avamonitoring.com\/nb\/wp-json\/wp\/v2\/pages\/156","targetHints":{"allow":["GET"]}}],"collection":[{"href":"https:\/\/avamonitoring.com\/nb\/wp-json\/wp\/v2\/pages"}],"about":[{"href":"https:\/\/avamonitoring.com\/nb\/wp-json\/wp\/v2\/types\/page"}],"author":[{"embeddable":true,"href":"https:\/\/avamonitoring.com\/nb\/wp-json\/wp\/v2\/users\/1"}],"replies":[{"embeddable":true,"href":"https:\/\/avamonitoring.com\/nb\/wp-json\/wp\/v2\/comments?post=156"}],"version-history":[{"count":67,"href":"https:\/\/avamonitoring.com\/nb\/wp-json\/wp\/v2\/pages\/156\/revisions"}],"predecessor-version":[{"id":1479,"href":"https:\/\/avamonitoring.com\/nb\/wp-json\/wp\/v2\/pages\/156\/revisions\/1479"}],"wp:attachment":[{"href":"https:\/\/avamonitoring.com\/nb\/wp-json\/wp\/v2\/media?parent=156"}],"curies":[{"name":"wp","href":"https:\/\/api.w.org\/{rel}","templated":true}]}}