{"id":299,"date":"2021-12-09T16:33:36","date_gmt":"2021-12-09T16:33:36","guid":{"rendered":"https:\/\/journalio.se\/?page_id=299"},"modified":"2021-12-09T16:36:40","modified_gmt":"2021-12-09T16:36:40","slug":"privacy-policy","status":"publish","type":"page","link":"https:\/\/avamonitoring.com\/en\/privacy-policy\/","title":{"rendered":"Privacy policy"},"content":{"rendered":"<div data-elementor-type=\"wp-page\" data-elementor-id=\"299\" class=\"elementor elementor-299\" data-elementor-post-type=\"page\">\n\t\t\t\t\t\t<section class=\"elementor-section elementor-top-section elementor-element elementor-element-5e4b6c8 elementor-section-height-min-height elementor-section-content-bottom elementor-section-items-stretch elementor-section-boxed elementor-section-height-default\" data-id=\"5e4b6c8\" data-element_type=\"section\" data-e-type=\"section\" data-settings=\"{&quot;background_background&quot;:&quot;classic&quot;}\">\n\t\t\t\t\t\t<div class=\"elementor-container elementor-column-gap-default\">\n\t\t\t\t\t<div class=\"elementor-column elementor-col-100 elementor-top-column elementor-element elementor-element-ae45de0\" data-id=\"ae45de0\" data-element_type=\"column\" data-e-type=\"column\">\n\t\t\t<div class=\"elementor-widget-wrap elementor-element-populated\">\n\t\t\t\t\t\t<section class=\"elementor-section elementor-inner-section elementor-element elementor-element-b0f5e1d elementor-section-content-middle elementor-section-boxed elementor-section-height-default elementor-section-height-default\" data-id=\"b0f5e1d\" data-element_type=\"section\" data-e-type=\"section\">\n\t\t\t\t\t\t<div class=\"elementor-container elementor-column-gap-default\">\n\t\t\t\t\t<div class=\"elementor-column elementor-col-100 elementor-inner-column elementor-element elementor-element-8d3cab0\" data-id=\"8d3cab0\" data-element_type=\"column\" data-e-type=\"column\">\n\t\t\t<div class=\"elementor-widget-wrap elementor-element-populated\">\n\t\t\t\t\t\t<div class=\"elementor-element elementor-element-8afac8b elementor-widget elementor-widget-heading\" data-id=\"8afac8b\" data-element_type=\"widget\" data-e-type=\"widget\" data-widget_type=\"heading.default\">\n\t\t\t\t<div class=\"elementor-widget-container\">\n\t\t\t\t\t<h2 class=\"elementor-heading-title elementor-size-default\">Privacy Policy\n<\/h2>\t\t\t\t<\/div>\n\t\t\t\t<\/div>\n\t\t\t\t\t<\/div>\n\t\t<\/div>\n\t\t\t\t\t<\/div>\n\t\t<\/section>\n\t\t\t\t\t<\/div>\n\t\t<\/div>\n\t\t\t\t\t<\/div>\n\t\t<\/section>\n\t\t\t\t<section class=\"elementor-section elementor-top-section elementor-element elementor-element-83d4912 elementor-section-content-middle elementor-section-boxed elementor-section-height-default elementor-section-height-default\" data-id=\"83d4912\" data-element_type=\"section\" data-e-type=\"section\">\n\t\t\t\t\t\t<div class=\"elementor-container elementor-column-gap-wide\">\n\t\t\t\t\t<div class=\"elementor-column elementor-col-100 elementor-top-column elementor-element elementor-element-dc3e229\" data-id=\"dc3e229\" data-element_type=\"column\" data-e-type=\"column\">\n\t\t\t<div class=\"elementor-widget-wrap elementor-element-populated\">\n\t\t\t\t\t\t<div class=\"elementor-element elementor-element-5eb072e elementor-widget elementor-widget-text-editor\" data-id=\"5eb072e\" data-element_type=\"widget\" data-e-type=\"widget\" data-widget_type=\"text-editor.default\">\n\t\t\t\t<div class=\"elementor-widget-container\">\n\t\t\t\t\t\t\t\t\t<p>Denna privacy policy, \u00e4ven kallad integritetspolicy, har sammanst\u00e4llts f\u00f6r att hj\u00e4lpa v\u00e5ra bes\u00f6kare k\u00e4nna sig trygga med hur vi behandlar personuppgifter. L\u00e4s g\u00e4rna igenom v\u00e5r policy noggrant, f\u00f6r att f\u00e5 en b\u00e4ttre f\u00f6rst\u00e5else f\u00f6r hur vi samlar in, anv\u00e4nder, skyddar och \u00f6verlag hanterar din personliga information i samband med v\u00e5r webbplats.<\/p><p><b><br \/>Vilken information samlar vi in fr\u00e5n bes\u00f6kare p\u00e5 v\u00e5r webbplats?<\/b><br \/>N\u00e4r du interagerar och\/eller fyller i ett formul\u00e4r p\u00e5 v\u00e5r webbplats, kan du bli ombedd att ange ditt namn, e-postadress, postadress, telefonnummer eller annan information som beh\u00f6vs f\u00f6r att slutf\u00f6ra formul\u00e4ret. Dessa f\u00e4lt kan komma att \u00e4ndras \u00f6ver tid f\u00f6r att uppfylla uppsatt syfte med formul\u00e4ret.<\/p><p>F\u00f6r att \u00f6ka v\u00e5r f\u00f6rst\u00e5else kring hur v\u00e5ra bes\u00f6kare beter sig p\u00e5 v\u00e5r webbplats anv\u00e4nder vi Google Analytics. Detta kan du l\u00e4sa mer om i v\u00e5r Cookie Policy.<\/p><p><b><br \/>Hur anv\u00e4nder vi informationen?<\/b><br \/>Vi kan komma att anv\u00e4nda informationen n\u00e4r du registrerar dig, genomf\u00f6r ett k\u00f6p, anm\u00e4ler dig till nyhetsbrev, svarar p\u00e5 ett fr\u00e5geformul\u00e4r eller marknadskommunikation, samt n\u00e4r du navigerar webbplatsen eller anv\u00e4nder specifika webbplatsfunktioner.<br \/>Hur informationen kommer att anv\u00e4ndas kommer alltid att klarg\u00f6ras i samband med att du avger informationen till oss.<\/p><p><b><br \/>Hur hanterar vi din personliga data?<\/b><br \/>Vi samlar in din data i egenskap av att du \u00e4r en kund\/potentiell kund, intressent, bes\u00f6kare eller s\u00f6kande, f\u00f6r att kunna erbjuda tj\u00e4nster, uppfylla v\u00e5ra f\u00f6rpliktelser till dig efter avtal, besvara dina fr\u00e5gor eller din ans\u00f6kan samt f\u00f6r att ge dig en b\u00e4ttre upplevelse av v\u00e5ra tj\u00e4nster. Det \u00e4r n\u00f6dv\u00e4ndigt f\u00f6r oss att kunna identifiera dig s\u00e5 att vi kan hantera dig som kund, genomf\u00f6ra statistiska m\u00e4tningar, och f\u00f6r direktmarknadsf\u00f6ring (som du kan avanm\u00e4la). Den personliga data som vi samlar in vid ifyllnad av en best\u00e4llning eller ett k\u00f6p p\u00e5 v\u00e5r webbplats \u00e4r n\u00f6dv\u00e4ndig f\u00f6r att vi ska kunna genomf\u00f6ra v\u00e5ra tj\u00e4nster\/leverans, betalning och fakturering, och uppr\u00e4tth\u00e5lla v\u00e5rt avtal. N\u00e4r du kontaktar oss i \u00f6vriga fr\u00e5gor eller f\u00f6r arbetsans\u00f6kningar genom n\u00e5gra av v\u00e5ra kommunikativa kanaler kommer din kontaktinformation, och om applicerbart, \u00f6vrig information anv\u00e4ndas f\u00f6r att besvara din fr\u00e5ga eller ans\u00f6kan samt f\u00f6r uppf\u00f6ljning.<\/p><p><b><br \/>Vem delar vi din personliga information med?<\/b><br \/>Vi kommer inte att s\u00e4lja, byta eller p\u00e5 annat s\u00e4tt f\u00f6rflytta din personliga information till utomst\u00e5ende part.<\/p><p>Vi delar inte din personliga information med n\u00e5gon annan f\u00f6rutom system, program och s\u00e4rskilda operativa funktioner som tillhandah\u00e5lls av tredjepartsleverant\u00f6rer, s\u00e5 som mailklienter, mailleverant\u00f6rer, bokf\u00f6ringsprogram, betalningstj\u00e4nster, eller andra parter som kr\u00e4vs f\u00f6r att vi skall kunna fullf\u00f6lja v\u00e5ra finansiella, legala och administrativa krav. I dessa fall kan vi komma att dela din information med tj\u00e4nsteleverant\u00f6rer b\u00e5de i, och utanf\u00f6r, EU\/EEA. Dessa tj\u00e4nsteleverant\u00f6rer har motsvarande krav p\u00e5 hantering av din data som vi har. Din kunddata kan \u00e4ven komma att kombineras med publika uppgifter f\u00f6r att samla in mer information om dig som kund.<\/p><p><b><br \/>Hur l\u00e4nge lagrar vi din personliga information?<\/b><br \/>Vi lagrar din personliga information om dig som kund eller webbplatsbes\u00f6kare s\u00e5 l\u00e4nge som det finns en aktiv kundrelation, eller under den period f\u00f6r vilken vi beh\u00f6ver lagra informationen f\u00f6r att fullf\u00f6lja syftet som n\u00e4mns i denna policy. Efter upps\u00e4gning av avtal eller avanm\u00e4lan, kommer vi att radera eller anonymisera din personliga information inom en sk\u00e4lig tidsperiod efter det att upps\u00e4gning eller avanm\u00e4lan har skett, f\u00f6rutom vid de fall d\u00e4r Svenska eller Europeiska lagar, domstolar eller myndigheter har andra krav. Din personliga information kan ocks\u00e5 komma att sparas p\u00e5 grund av legala f\u00f6rpliktelser, eller f\u00f6r legitima anledningar, s\u00e5som att uppr\u00e4tth\u00e5lla den svenska bokf\u00f6ringslagen. Information som lagrats i samband med att du har kontaktat oss kommer att sparas tills dess att vi inte l\u00e4ngre har en f\u00f6rpliktelse till dig. Vid upps\u00e4gning eller avanm\u00e4lan, kan vi komma att lagra din data med legitima sk\u00e4l som bevis f\u00f6r best\u00e4llningar eller f\u00f6r \u00e5terkommande \u00e4renden.<\/p><p><b><br \/>Dina r\u00e4ttigheter<\/b><br \/>Du har r\u00e4tten att kr\u00e4va ut en sammanst\u00e4llning av all personlig data som vi har registrerat om dig, kostnadsfritt en g\u00e5ng per \u00e5r, f\u00f6rutsatt att du har legitima intressen i att beg\u00e4ra s\u00e5dan data. I vissa fall har du \u00e4ven r\u00e4tt att f\u00e5 din data f\u00f6rflyttad. Du har r\u00e4tten att f\u00e5 din data r\u00e4ttad, kompletterad eller raderad, samt \u00e4ger r\u00e4tt att beg\u00e4ra begr\u00e4nsad hantering tills dess att den \u00e4r f\u00f6r\u00e4ndrad. Du har r\u00e4tt att bli bortgl\u00f6md, men radering av personlig information kan inte ske om vi har ett avtal att fullf\u00f6lja, eller om Svensk eller Europeisk lag, domstol eller myndighet har andra krav, eller om det finns legitima sk\u00e4l att beh\u00e5lla informationen. Om du anser att det inte finns n\u00e5gon legitim anledning, eller att lagringen \u00e4r inkorrekt, kan du \u00f6verklaga hanteringen. Du har ocks\u00e5 r\u00e4tt att dra tillbaka ett medgivande, framf\u00f6ra klagom\u00e5l till Datainspektionen, mots\u00e4tta dig beslutsfattande, profilering och mots\u00e4tta dig direktmarknadsf\u00f6ring. Vi skickar inte marknadsf\u00f6ring till dig via e-post om du motsatt dig e-postutskick i enlighet med marknadsf\u00f6ringslagen (19\u00a7). Om du tidigare godk\u00e4nt e-postutskick och \u00f6nskar avanm\u00e4la dig fr\u00e5n v\u00e5ra framtida e-postmeddelanden kan du f\u00f6lja l\u00e4nken i botten av varje e-post eller maila oss p\u00e5 nedanst\u00e5ende kontaktuppgifter. Vi kommer avanm\u00e4la dig skyndsamt.<\/p><p><b><br \/>Contact us<\/b><br \/>Om du har n\u00e5gra fr\u00e5gor g\u00e4llande denna policy, \u00e4r du alltid v\u00e4lkommen att kontakta oss via nedan kontaktuppgifter.<\/p><p><b><br \/>AVA Monitoring AB<\/b><br \/>V\u00e4dursgatan 6<br \/>412 50, G\u00f6teborg<br \/>Sverige<br \/><a href=\"mailto:info@avamonitoring.com\">info@avamonitoring.com<\/a><br \/>031-760 12 40<\/p>\t\t\t\t\t\t\t\t<\/div>\n\t\t\t\t<\/div>\n\t\t\t\t\t<\/div>\n\t\t<\/div>\n\t\t\t\t\t<\/div>\n\t\t<\/section>\n\t\t\t\t<\/div>","protected":false},"excerpt":{"rendered":"<p>Privacy Policy Denna privacy policy, \u00e4ven kallad integritetspolicy, har sammanst\u00e4llts f\u00f6r att hj\u00e4lpa v\u00e5ra bes\u00f6kare k\u00e4nna sig trygga med hur vi behandlar personuppgifter. L\u00e4s g\u00e4rna igenom v\u00e5r policy noggrant, f\u00f6r att f\u00e5 en b\u00e4ttre f\u00f6rst\u00e5else f\u00f6r hur vi samlar in, anv\u00e4nder, skyddar och \u00f6verlag hanterar din personliga information i samband med v\u00e5r webbplats. Vilken information [&hellip;]<\/p>","protected":false},"author":1,"featured_media":0,"parent":0,"menu_order":0,"comment_status":"closed","ping_status":"closed","template":"elementor_header_footer","meta":{"footnotes":""},"class_list":["post-299","page","type-page","status-publish","hentry","entry"],"_links":{"self":[{"href":"https:\/\/avamonitoring.com\/en\/wp-json\/wp\/v2\/pages\/299","targetHints":{"allow":["GET"]}}],"collection":[{"href":"https:\/\/avamonitoring.com\/en\/wp-json\/wp\/v2\/pages"}],"about":[{"href":"https:\/\/avamonitoring.com\/en\/wp-json\/wp\/v2\/types\/page"}],"author":[{"embeddable":true,"href":"https:\/\/avamonitoring.com\/en\/wp-json\/wp\/v2\/users\/1"}],"replies":[{"embeddable":true,"href":"https:\/\/avamonitoring.com\/en\/wp-json\/wp\/v2\/comments?post=299"}],"version-history":[{"count":5,"href":"https:\/\/avamonitoring.com\/en\/wp-json\/wp\/v2\/pages\/299\/revisions"}],"predecessor-version":[{"id":304,"href":"https:\/\/avamonitoring.com\/en\/wp-json\/wp\/v2\/pages\/299\/revisions\/304"}],"wp:attachment":[{"href":"https:\/\/avamonitoring.com\/en\/wp-json\/wp\/v2\/media?parent=299"}],"curies":[{"name":"wp","href":"https:\/\/api.w.org\/{rel}","templated":true}]}}