{"id":149,"date":"2021-12-09T10:35:06","date_gmt":"2021-12-09T10:35:06","guid":{"rendered":"https:\/\/journalio.se\/?page_id=149"},"modified":"2026-03-25T11:35:51","modified_gmt":"2026-03-25T10:35:51","slug":"bullermatning","status":"publish","type":"page","link":"https:\/\/avamonitoring.com\/en\/noise-monitoring\/","title":{"rendered":"Noise monitoring"},"content":{"rendered":"<div data-elementor-type=\"wp-page\" data-elementor-id=\"149\" class=\"elementor elementor-149\" data-elementor-post-type=\"page\">\n\t\t\t\t\t\t<section class=\"elementor-section elementor-top-section elementor-element elementor-element-5e4b6c8 elementor-section-height-min-height elementor-section-content-bottom elementor-section-items-stretch elementor-section-boxed elementor-section-height-default\" data-id=\"5e4b6c8\" data-element_type=\"section\" data-e-type=\"section\" data-settings=\"{&quot;background_background&quot;:&quot;classic&quot;}\">\n\t\t\t\t\t\t<div class=\"elementor-container elementor-column-gap-default\">\n\t\t\t\t\t<div class=\"elementor-column elementor-col-100 elementor-top-column elementor-element elementor-element-ae45de0\" data-id=\"ae45de0\" data-element_type=\"column\" data-e-type=\"column\">\n\t\t\t<div class=\"elementor-widget-wrap elementor-element-populated\">\n\t\t\t\t\t\t<section class=\"elementor-section elementor-inner-section elementor-element elementor-element-b0f5e1d elementor-section-content-middle elementor-section-boxed elementor-section-height-default elementor-section-height-default\" data-id=\"b0f5e1d\" data-element_type=\"section\" data-e-type=\"section\">\n\t\t\t\t\t\t<div class=\"elementor-container elementor-column-gap-default\">\n\t\t\t\t\t<div class=\"elementor-column elementor-col-100 elementor-inner-column elementor-element elementor-element-8d3cab0\" data-id=\"8d3cab0\" data-element_type=\"column\" data-e-type=\"column\">\n\t\t\t<div class=\"elementor-widget-wrap elementor-element-populated\">\n\t\t\t\t\t\t<div class=\"elementor-element elementor-element-8afac8b elementor-widget elementor-widget-heading\" data-id=\"8afac8b\" data-element_type=\"widget\" data-e-type=\"widget\" data-widget_type=\"heading.default\">\n\t\t\t\t<div class=\"elementor-widget-container\">\n\t\t\t\t\t<h2 class=\"elementor-heading-title elementor-size-default\">Noise monitoring<\/h2>\t\t\t\t<\/div>\n\t\t\t\t<\/div>\n\t\t\t\t<div class=\"elementor-element elementor-element-52a3b5e elementor-hidden-mobile elementor-widget elementor-widget-text-editor\" data-id=\"52a3b5e\" data-element_type=\"widget\" data-e-type=\"widget\" data-widget_type=\"text-editor.default\">\n\t\t\t\t<div class=\"elementor-widget-container\">\n\t\t\t\t\t\t\t\t\t<p>Automatic noise monitoring with unattended and remotely controlled field instruments.<\/p>\t\t\t\t\t\t\t\t<\/div>\n\t\t\t\t<\/div>\n\t\t\t\t\t<\/div>\n\t\t<\/div>\n\t\t\t\t\t<\/div>\n\t\t<\/section>\n\t\t\t\t\t<\/div>\n\t\t<\/div>\n\t\t\t\t\t<\/div>\n\t\t<\/section>\n\t\t\t\t<section class=\"elementor-section elementor-top-section elementor-element elementor-element-6a14efc elementor-section-content-middle elementor-section-boxed elementor-section-height-default elementor-section-height-default\" data-id=\"6a14efc\" data-element_type=\"section\" data-e-type=\"section\">\n\t\t\t\t\t\t<div class=\"elementor-container elementor-column-gap-wide\">\n\t\t\t\t\t<div class=\"elementor-column elementor-col-50 elementor-top-column elementor-element elementor-element-bc8be3a\" data-id=\"bc8be3a\" data-element_type=\"column\" data-e-type=\"column\">\n\t\t\t<div class=\"elementor-widget-wrap elementor-element-populated\">\n\t\t\t\t\t\t<div class=\"elementor-element elementor-element-af592e6 elementor-widget elementor-widget-heading\" data-id=\"af592e6\" data-element_type=\"widget\" data-e-type=\"widget\" data-widget_type=\"heading.default\">\n\t\t\t\t<div class=\"elementor-widget-container\">\n\t\t\t\t\t<h2 class=\"elementor-heading-title elementor-size-default\">Simple noise monitoring wherever you are<\/h2>\t\t\t\t<\/div>\n\t\t\t\t<\/div>\n\t\t\t\t<div class=\"elementor-element elementor-element-9b724c3 elementor-widget elementor-widget-heading\" data-id=\"9b724c3\" data-element_type=\"widget\" data-e-type=\"widget\" data-widget_type=\"heading.default\">\n\t\t\t\t<div class=\"elementor-widget-container\">\n\t\t\t\t\t<h3 class=\"elementor-heading-title elementor-size-default\">The AVA Monitoring System for noise monitoring is ideal for situations that require online and unattended field measurement with high availability and precision. Measurement and uploading of measurement data are fully automated, and you always have direct access to up-to-date information from your PC, tablet or smartphone by the cloud.<\/h3>\t\t\t\t<\/div>\n\t\t\t\t<\/div>\n\t\t\t\t<div class=\"elementor-element elementor-element-dcb46ac elementor-widget elementor-widget-heading\" data-id=\"dcb46ac\" data-element_type=\"widget\" data-e-type=\"widget\" data-widget_type=\"heading.default\">\n\t\t\t\t<div class=\"elementor-widget-container\">\n\t\t\t\t\t<h2 class=\"elementor-heading-title elementor-size-default\">Simple handling of robust field meter\n<\/h2>\t\t\t\t<\/div>\n\t\t\t\t<\/div>\n\t\t\t\t<div class=\"elementor-element elementor-element-a169957 elementor-widget elementor-widget-text-editor\" data-id=\"a169957\" data-element_type=\"widget\" data-e-type=\"widget\" data-widget_type=\"text-editor.default\">\n\t\t\t\t<div class=\"elementor-widget-container\">\n\t\t\t\t\t\t\t\t\tOur solution for noise measurement comprises the web-based\u00a0<a href=\"\/\">AvaNet<\/a>\u00a0measurement system and the\u00a0<a href=\"https:\/\/avamonitoring.com\/en\/sonitus-em2030\/\">Sonitus EM2030<\/a>field instrument. The system is suitable for all situations that require unattended noise\/sound measurement in the field with high availability and precision in demanding outdoor environments, such as construction sites, manufacturing or roadbuilding projects. The field instrument does not need to be installed in field; just plug in the power and start measuring. As with our vibration meters, measurement is fully automated.\n\nYou can easily combine vibration monitoring with the\u00a0<a href=\"\/\">AvaTrace M90<\/a>\u00a0and noise measurement with the\u00a0<a href=\"\/\">Sonitus EM2030<\/a>\u00a0in the same measurement project in\u00a0<a href=\"https:\/\/avamonitoring.com\/en\/avanet\/\">AvaNet<\/a>.\t\t\t\t\t\t\t\t<\/div>\n\t\t\t\t<\/div>\n\t\t\t\t\t<\/div>\n\t\t<\/div>\n\t\t\t\t<div class=\"elementor-column elementor-col-50 elementor-top-column elementor-element elementor-element-21b87be\" data-id=\"21b87be\" data-element_type=\"column\" data-e-type=\"column\">\n\t\t\t<div class=\"elementor-widget-wrap elementor-element-populated\">\n\t\t\t\t\t\t<div class=\"elementor-element elementor-element-17b4793 elementor-widget elementor-widget-image\" data-id=\"17b4793\" data-element_type=\"widget\" data-e-type=\"widget\" data-widget_type=\"image.default\">\n\t\t\t\t<div class=\"elementor-widget-container\">\n\t\t\t\t\t\t\t\t\t\t\t\t\t\t\t<img fetchpriority=\"high\" decoding=\"async\" width=\"700\" height=\"933\" src=\"https:\/\/avamonitoring.com\/wp-content\/uploads\/2021\/12\/boundary-monitoring_webb.jpg\" class=\"attachment-large size-large wp-image-151\" alt=\"\" srcset=\"https:\/\/avamonitoring.com\/wp-content\/uploads\/2021\/12\/boundary-monitoring_webb.jpg 700w, https:\/\/avamonitoring.com\/wp-content\/uploads\/2021\/12\/boundary-monitoring_webb-225x300.jpg 225w\" sizes=\"(max-width: 700px) 100vw, 700px\" \/>\t\t\t\t\t\t\t\t\t\t\t\t\t\t\t<\/div>\n\t\t\t\t<\/div>\n\t\t\t\t\t<\/div>\n\t\t<\/div>\n\t\t\t\t\t<\/div>\n\t\t<\/section>\n\t\t\t\t<section class=\"elementor-section elementor-top-section elementor-element elementor-element-5b2f11f elementor-section-content-middle elementor-section-boxed elementor-section-height-default elementor-section-height-default\" data-id=\"5b2f11f\" data-element_type=\"section\" data-e-type=\"section\">\n\t\t\t\t\t\t<div class=\"elementor-container elementor-column-gap-wide\">\n\t\t\t\t\t<div class=\"elementor-column elementor-col-50 elementor-top-column elementor-element elementor-element-8e111cc\" data-id=\"8e111cc\" data-element_type=\"column\" data-e-type=\"column\">\n\t\t\t<div class=\"elementor-widget-wrap elementor-element-populated\">\n\t\t\t\t\t\t<div class=\"elementor-element elementor-element-c82d6ac elementor-widget elementor-widget-image\" data-id=\"c82d6ac\" data-element_type=\"widget\" data-e-type=\"widget\" data-widget_type=\"image.default\">\n\t\t\t\t<div class=\"elementor-widget-container\">\n\t\t\t\t\t\t\t\t\t\t\t\t\t\t\t<img decoding=\"async\" width=\"1024\" height=\"614\" src=\"https:\/\/avamonitoring.com\/wp-content\/uploads\/2026\/03\/AvaNet-205-1024x614.png\" class=\"attachment-large size-large wp-image-1336\" alt=\"\" srcset=\"https:\/\/avamonitoring.com\/wp-content\/uploads\/2026\/03\/AvaNet-205-1024x614.png 1024w, https:\/\/avamonitoring.com\/wp-content\/uploads\/2026\/03\/AvaNet-205-300x180.png 300w, https:\/\/avamonitoring.com\/wp-content\/uploads\/2026\/03\/AvaNet-205-768x461.png 768w, https:\/\/avamonitoring.com\/wp-content\/uploads\/2026\/03\/AvaNet-205-1536x922.png 1536w, https:\/\/avamonitoring.com\/wp-content\/uploads\/2026\/03\/AvaNet-205-2048x1229.png 2048w, https:\/\/avamonitoring.com\/wp-content\/uploads\/2026\/03\/AvaNet-205-18x12.png 18w\" sizes=\"(max-width: 1024px) 100vw, 1024px\" \/>\t\t\t\t\t\t\t\t\t\t\t\t\t\t\t<\/div>\n\t\t\t\t<\/div>\n\t\t\t\t\t<\/div>\n\t\t<\/div>\n\t\t\t\t<div class=\"elementor-column elementor-col-50 elementor-top-column elementor-element elementor-element-51f514f\" data-id=\"51f514f\" data-element_type=\"column\" data-e-type=\"column\">\n\t\t\t<div class=\"elementor-widget-wrap elementor-element-populated\">\n\t\t\t\t\t\t<div class=\"elementor-element elementor-element-eb0f3bc elementor-widget elementor-widget-heading\" data-id=\"eb0f3bc\" data-element_type=\"widget\" data-e-type=\"widget\" data-widget_type=\"heading.default\">\n\t\t\t\t<div class=\"elementor-widget-container\">\n\t\t\t\t\t<h2 class=\"elementor-heading-title elementor-size-default\">Open web-based system\n<\/h2>\t\t\t\t<\/div>\n\t\t\t\t<\/div>\n\t\t\t\t<div class=\"elementor-element elementor-element-9ee397d elementor-widget elementor-widget-text-editor\" data-id=\"9ee397d\" data-element_type=\"widget\" data-e-type=\"widget\" data-widget_type=\"text-editor.default\">\n\t\t\t\t<div class=\"elementor-widget-container\">\n\t\t\t\t\t\t\t\t\t<div class=\"wpb_text_column wpb_content_element vc_custom_1482221775107\"><div class=\"wpb_wrapper\"><p>The web-based measurement system <a href=\"https:\/\/avamonitoring.com\/en\/avanet\/\">AvaNet<\/a> is the hub of our product package and takes care of all data collection, communication, processing, monitoring and storage of measurement data. You can also set alerts that automatically send an e-mail or SMS to those responsible if a measurement exceeds permitted limits or if a failure occurs.<\/p><\/div><\/div>\t\t\t\t\t\t\t\t<\/div>\n\t\t\t\t<\/div>\n\t\t\t\t<div class=\"elementor-element elementor-element-10bf5c8 elementor-widget elementor-widget-button\" data-id=\"10bf5c8\" data-element_type=\"widget\" data-e-type=\"widget\" data-widget_type=\"button.default\">\n\t\t\t\t<div class=\"elementor-widget-container\">\n\t\t\t\t\t\t\t\t\t<div class=\"elementor-button-wrapper\">\n\t\t\t\t\t<a class=\"elementor-button elementor-button-link elementor-size-sm\" href=\"#\">\n\t\t\t\t\t\t<span class=\"elementor-button-content-wrapper\">\n\t\t\t\t\t\t\t\t\t<span class=\"elementor-button-text\">Read more<\/span>\n\t\t\t\t\t<\/span>\n\t\t\t\t\t<\/a>\n\t\t\t\t<\/div>\n\t\t\t\t\t\t\t\t<\/div>\n\t\t\t\t<\/div>\n\t\t\t\t\t<\/div>\n\t\t<\/div>\n\t\t\t\t\t<\/div>\n\t\t<\/section>\n\t\t\t\t<section class=\"elementor-section elementor-top-section elementor-element elementor-element-2443222 elementor-section-height-min-height elementor-section-items-stretch elementor-section-boxed elementor-section-height-default\" data-id=\"2443222\" data-element_type=\"section\" data-e-type=\"section\" data-settings=\"{&quot;background_background&quot;:&quot;classic&quot;}\">\n\t\t\t\t\t\t<div class=\"elementor-container elementor-column-gap-default\">\n\t\t\t\t\t<div class=\"elementor-column elementor-col-50 elementor-top-column elementor-element elementor-element-8eeccbf\" data-id=\"8eeccbf\" data-element_type=\"column\" data-e-type=\"column\">\n\t\t\t<div class=\"elementor-widget-wrap elementor-element-populated\">\n\t\t\t\t\t\t<div class=\"elementor-element elementor-element-f6e099b elementor-widget elementor-widget-heading\" data-id=\"f6e099b\" data-element_type=\"widget\" data-e-type=\"widget\" data-widget_type=\"heading.default\">\n\t\t\t\t<div class=\"elementor-widget-container\">\n\t\t\t\t\t<h2 class=\"elementor-heading-title elementor-size-default\">Adapted for tough conditions\n<\/h2>\t\t\t\t<\/div>\n\t\t\t\t<\/div>\n\t\t\t\t<div class=\"elementor-element elementor-element-3259935 elementor-widget elementor-widget-text-editor\" data-id=\"3259935\" data-element_type=\"widget\" data-e-type=\"widget\" data-widget_type=\"text-editor.default\">\n\t\t\t\t<div class=\"elementor-widget-container\">\n\t\t\t\t\t\t\t\t\t<p>The <a href=\"https:\/\/avamonitoring.com\/en\/sonitus-em2030\/\">Sonitus EM2030<\/a> field instrument consists of a robust measuring unit (Class 1 or 2), a weatherproof microphone, stand with cable and mains cable. The option to add the Sonitus PP1240 Battery Pack gives even more operating time and hence better project economy. You can read more about the Sonitus EM2030<\/p>\t\t\t\t\t\t\t\t<\/div>\n\t\t\t\t<\/div>\n\t\t\t\t<div class=\"elementor-element elementor-element-ab8491a elementor-widget elementor-widget-heading\" data-id=\"ab8491a\" data-element_type=\"widget\" data-e-type=\"widget\" data-widget_type=\"heading.default\">\n\t\t\t\t<div class=\"elementor-widget-container\">\n\t\t\t\t\t<h2 class=\"elementor-heading-title elementor-size-default\">Continuous noise monitoring\n<\/h2>\t\t\t\t<\/div>\n\t\t\t\t<\/div>\n\t\t\t\t<div class=\"elementor-element elementor-element-2fe288f elementor-widget elementor-widget-text-editor\" data-id=\"2fe288f\" data-element_type=\"widget\" data-e-type=\"widget\" data-widget_type=\"text-editor.default\">\n\t\t\t\t<div class=\"elementor-widget-container\">\n\t\t\t\t\t\t\t\t\t<p>The\u00a0<a href=\"https:\/\/avamonitoring.com\/en\/sonitus-em2030\/\">Sonitus EM2030<\/a> noise meter suits all types of project where you need safe and accessible noise level metering, such as:<\/p><p>\u2022 Construction sites and demolition projects<br \/>\u2022 Planning projects<br \/>\u2022 Industrial noise measurement<br \/>\u2022 Monitoring noise levels<br \/>\u2022 Events such as concerts<br \/>\u2022 Runways and small airfields<\/p>\t\t\t\t\t\t\t\t<\/div>\n\t\t\t\t<\/div>\n\t\t\t\t<div class=\"elementor-element elementor-element-788f197 elementor-widget elementor-widget-button\" data-id=\"788f197\" data-element_type=\"widget\" data-e-type=\"widget\" data-widget_type=\"button.default\">\n\t\t\t\t<div class=\"elementor-widget-container\">\n\t\t\t\t\t\t\t\t\t<div class=\"elementor-button-wrapper\">\n\t\t\t\t\t<a class=\"elementor-button elementor-button-link elementor-size-sm\" href=\"#\">\n\t\t\t\t\t\t<span class=\"elementor-button-content-wrapper\">\n\t\t\t\t\t\t\t\t\t<span class=\"elementor-button-text\">Read more<\/span>\n\t\t\t\t\t<\/span>\n\t\t\t\t\t<\/a>\n\t\t\t\t<\/div>\n\t\t\t\t\t\t\t\t<\/div>\n\t\t\t\t<\/div>\n\t\t\t\t\t<\/div>\n\t\t<\/div>\n\t\t\t\t<div class=\"elementor-column elementor-col-50 elementor-top-column elementor-element elementor-element-7c065da\" data-id=\"7c065da\" data-element_type=\"column\" data-e-type=\"column\">\n\t\t\t<div class=\"elementor-widget-wrap elementor-element-populated\">\n\t\t\t\t\t\t<div class=\"elementor-element elementor-element-bcd65c7 elementor-widget elementor-widget-image\" data-id=\"bcd65c7\" data-element_type=\"widget\" data-e-type=\"widget\" data-widget_type=\"image.default\">\n\t\t\t\t<div class=\"elementor-widget-container\">\n\t\t\t\t\t\t\t\t\t\t\t\t\t\t\t<img decoding=\"async\" width=\"960\" height=\"731\" src=\"https:\/\/avamonitoring.com\/wp-content\/uploads\/2021\/12\/EM2010.png\" class=\"attachment-large size-large wp-image-152\" alt=\"\" srcset=\"https:\/\/avamonitoring.com\/wp-content\/uploads\/2021\/12\/EM2010.png 960w, https:\/\/avamonitoring.com\/wp-content\/uploads\/2021\/12\/EM2010-300x228.png 300w, https:\/\/avamonitoring.com\/wp-content\/uploads\/2021\/12\/EM2010-768x585.png 768w\" sizes=\"(max-width: 960px) 100vw, 960px\" \/>\t\t\t\t\t\t\t\t\t\t\t\t\t\t\t<\/div>\n\t\t\t\t<\/div>\n\t\t\t\t\t<\/div>\n\t\t<\/div>\n\t\t\t\t\t<\/div>\n\t\t<\/section>\n\t\t\t\t<section class=\"elementor-section elementor-top-section elementor-element elementor-element-0ed04e5 elementor-section-content-middle elementor-section-boxed elementor-section-height-default elementor-section-height-default\" data-id=\"0ed04e5\" data-element_type=\"section\" data-e-type=\"section\">\n\t\t\t\t\t\t<div class=\"elementor-container elementor-column-gap-default\">\n\t\t\t\t\t<div class=\"elementor-column elementor-col-50 elementor-top-column elementor-element elementor-element-adbc754\" data-id=\"adbc754\" data-element_type=\"column\" data-e-type=\"column\">\n\t\t\t<div class=\"elementor-widget-wrap elementor-element-populated\">\n\t\t\t\t\t\t<div class=\"elementor-element elementor-element-fe53a32 elementor-widget elementor-widget-video\" data-id=\"fe53a32\" data-element_type=\"widget\" data-e-type=\"widget\" data-settings=\"{&quot;youtube_url&quot;:&quot;https:\\\/\\\/youtu.be\\\/OTMg2zNQqyA&quot;,&quot;video_type&quot;:&quot;youtube&quot;,&quot;controls&quot;:&quot;yes&quot;}\" data-widget_type=\"video.default\">\n\t\t\t\t<div class=\"elementor-widget-container\">\n\t\t\t\t\t\t\t<div class=\"elementor-wrapper elementor-open-inline\">\n\t\t\t<div class=\"elementor-video\"><\/div>\t\t<\/div>\n\t\t\t\t\t\t<\/div>\n\t\t\t\t<\/div>\n\t\t\t\t\t<\/div>\n\t\t<\/div>\n\t\t\t\t<div class=\"elementor-column elementor-col-50 elementor-top-column elementor-element elementor-element-622fc98\" data-id=\"622fc98\" data-element_type=\"column\" data-e-type=\"column\">\n\t\t\t<div class=\"elementor-widget-wrap elementor-element-populated\">\n\t\t\t\t\t\t<div class=\"elementor-element elementor-element-00bf14b elementor-widget elementor-widget-heading\" data-id=\"00bf14b\" data-element_type=\"widget\" data-e-type=\"widget\" data-widget_type=\"heading.default\">\n\t\t\t\t<div class=\"elementor-widget-container\">\n\t\t\t\t\t<h6 class=\"elementor-heading-title elementor-size-default\">Customer Case<\/h6>\t\t\t\t<\/div>\n\t\t\t\t<\/div>\n\t\t\t\t<div class=\"elementor-element elementor-element-1054b42 elementor-widget elementor-widget-heading\" data-id=\"1054b42\" data-element_type=\"widget\" data-e-type=\"widget\" data-widget_type=\"heading.default\">\n\t\t\t\t<div class=\"elementor-widget-container\">\n\t\t\t\t\t<h2 class=\"elementor-heading-title elementor-size-default\">Reliable measurement protects people and valuable buildings<\/h2>\t\t\t\t<\/div>\n\t\t\t\t<\/div>\n\t\t\t\t<div class=\"elementor-element elementor-element-f1139e8 elementor-widget elementor-widget-text-editor\" data-id=\"f1139e8\" data-element_type=\"widget\" data-e-type=\"widget\" data-widget_type=\"text-editor.default\">\n\t\t\t\t<div class=\"elementor-widget-container\">\n\t\t\t\t\t\t\t\t\t<div class=\"wpb_text_column wpb_content_element\"><div class=\"wpb_wrapper\"><div class=\"wpb_text_column wpb_content_element\"><div class=\"wpb_wrapper\"><div class=\"wpb_text_column wpb_content_element\"><div class=\"wpb_wrapper\"><p>For the construction of the Children\u2019s Hospital in Dublin, there was a need for a reliable system to measure noise and vibration.<\/p><\/div><\/div><div class=\"vc_empty_space\">The measurement consultants Murphy Surveys chose the AVA Monitoring System to take noise and vibration measurements during the construction of the Children\u2019s Hospital in Dublin.\n\u201cThe hospital is in an old part of the city and there were concerns that the project would have a negative impact on buildings and local residents. Our client decided to implement a noise and vibration plan and we installed a number of noise and vibration meters. Thanks to our online tool, the project staff can rely on getting a warning message the second anything unexpected happens,\u201d says Ethan Kelly, Monitoring Manager at Murphy Surveys.<\/div><\/div><\/div><\/div><\/div>\t\t\t\t\t\t\t\t<\/div>\n\t\t\t\t<\/div>\n\t\t\t\t\t<\/div>\n\t\t<\/div>\n\t\t\t\t\t<\/div>\n\t\t<\/section>\n\t\t\t\t<section class=\"elementor-section elementor-top-section elementor-element elementor-element-9796824 elementor-section-height-min-height elementor-section-boxed elementor-section-height-default elementor-section-items-middle\" data-id=\"9796824\" data-element_type=\"section\" data-e-type=\"section\" data-settings=\"{&quot;background_background&quot;:&quot;classic&quot;}\">\n\t\t\t\t\t\t<div class=\"elementor-container elementor-column-gap-default\">\n\t\t\t\t\t<div class=\"elementor-column elementor-col-50 elementor-top-column elementor-element elementor-element-0a8a82a\" data-id=\"0a8a82a\" data-element_type=\"column\" data-e-type=\"column\" data-settings=\"{&quot;background_background&quot;:&quot;classic&quot;}\">\n\t\t\t<div class=\"elementor-widget-wrap elementor-element-populated\">\n\t\t\t\t\t\t<div class=\"elementor-element elementor-element-9987300 elementor-widget elementor-widget-heading\" data-id=\"9987300\" data-element_type=\"widget\" data-e-type=\"widget\" data-widget_type=\"heading.default\">\n\t\t\t\t<div class=\"elementor-widget-container\">\n\t\t\t\t\t<h2 class=\"elementor-heading-title elementor-size-default\">Buy or lease measurement equipment?<\/h2>\t\t\t\t<\/div>\n\t\t\t\t<\/div>\n\t\t\t\t<div class=\"elementor-element elementor-element-bca8045 elementor-widget elementor-widget-text-editor\" data-id=\"bca8045\" data-element_type=\"widget\" data-e-type=\"widget\" data-widget_type=\"text-editor.default\">\n\t\t\t\t<div class=\"elementor-widget-container\">\n\t\t\t\t\t\t\t\t\t<p>Buying measurement equipment from us is easy \u2013 but sometimes it is more efficient to lease than to buy. A fixed daily rental makes budgeting easy and you do not need to worry about service or calibration. Our web-based measurement system <a href=\"https:\/\/avamonitoring.com\/en\/avanet\/\">AvaNet<\/a> is always included in the leasing price so you can take full advantage of all the functions. <a href=\"https:\/\/avamonitoring.com\/en\/kontakt\/\">Contact us<\/a> for more information and a quote.<\/p>\t\t\t\t\t\t\t\t<\/div>\n\t\t\t\t<\/div>\n\t\t\t\t<div class=\"elementor-element elementor-element-52499ce elementor-widget elementor-widget-button\" data-id=\"52499ce\" data-element_type=\"widget\" data-e-type=\"widget\" data-widget_type=\"button.default\">\n\t\t\t\t<div class=\"elementor-widget-container\">\n\t\t\t\t\t\t\t\t\t<div class=\"elementor-button-wrapper\">\n\t\t\t\t\t<a class=\"elementor-button elementor-button-link elementor-size-sm\" href=\"#\">\n\t\t\t\t\t\t<span class=\"elementor-button-content-wrapper\">\n\t\t\t\t\t\t\t\t\t<span class=\"elementor-button-text\">Contact us<\/span>\n\t\t\t\t\t<\/span>\n\t\t\t\t\t<\/a>\n\t\t\t\t<\/div>\n\t\t\t\t\t\t\t\t<\/div>\n\t\t\t\t<\/div>\n\t\t\t\t\t<\/div>\n\t\t<\/div>\n\t\t\t\t<div class=\"elementor-column elementor-col-50 elementor-top-column elementor-element elementor-element-df66ec6\" data-id=\"df66ec6\" data-element_type=\"column\" data-e-type=\"column\" data-settings=\"{&quot;background_background&quot;:&quot;classic&quot;}\">\n\t\t\t<div class=\"elementor-widget-wrap elementor-element-populated\">\n\t\t\t\t\t\t<div class=\"elementor-element elementor-element-3696d97 elementor-widget elementor-widget-heading\" data-id=\"3696d97\" data-element_type=\"widget\" data-e-type=\"widget\" data-widget_type=\"heading.default\">\n\t\t\t\t<div class=\"elementor-widget-container\">\n\t\t\t\t\t<h2 class=\"elementor-heading-title elementor-size-default\">Calibration, service and support\n<\/h2>\t\t\t\t<\/div>\n\t\t\t\t<\/div>\n\t\t\t\t<div class=\"elementor-element elementor-element-c7674e5 elementor-widget elementor-widget-text-editor\" data-id=\"c7674e5\" data-element_type=\"widget\" data-e-type=\"widget\" data-widget_type=\"text-editor.default\">\n\t\t\t\t<div class=\"elementor-widget-container\">\n\t\t\t\t\t\t\t\t\t<p>As a customer of AVA Monitoring, you can have your instrument repaired, serviced and calibrated. When you send in your instrument for service, you will receive a response within a few days with an estimate of costs and when the instrument will be returned to you. When your instrument is in need of calibration you receive a reminder e-mail from us. You can also find details of when it is time to calibrate on the product and in <a href=\"https:\/\/avamonitoring.com\/en\/avanet\/\">AvaNet<\/a>.<\/p><p>You can reach our support desk on +46 31-760 12 20 on working days from 08:00-11:30 and 12:30-16:30. You can also e-mail your incident to <a href=\"mailto:support@avamonitoring.com\">support@avamonitoring.com<\/a> s\u00e5 kan du f\u00f6lja ditt \u00e4rende.\u00a0<\/p>\t\t\t\t\t\t\t\t<\/div>\n\t\t\t\t<\/div>\n\t\t\t\t\t<\/div>\n\t\t<\/div>\n\t\t\t\t\t<\/div>\n\t\t<\/section>\n\t\t\t\t<\/div>","protected":false},"excerpt":{"rendered":"<p>Bullerm\u00e4tning Automatisk bullerm\u00e4tning med obemannade och fj\u00e4rrstyrda f\u00e4ltinstrument. Enkel bullerm\u00e4tning var du \u00e4n befinner dig AVA Monitoring System f\u00f6r bullerm\u00e4tning \u00e4r idealiskt f\u00f6r situationer som kr\u00e4ver obemannad f\u00e4ltm\u00e4tning av buller med h\u00f6g tillg\u00e4nglighet och precision. M\u00e4tning och uppladdning av m\u00e4tdata sker helt automatiskt och du har alltid direkt tillg\u00e5ng till aktuell information i din dator, [&hellip;]<\/p>","protected":false},"author":1,"featured_media":0,"parent":0,"menu_order":0,"comment_status":"closed","ping_status":"closed","template":"elementor_header_footer","meta":{"footnotes":""},"class_list":["post-149","page","type-page","status-publish","hentry","entry"],"_links":{"self":[{"href":"https:\/\/avamonitoring.com\/en\/wp-json\/wp\/v2\/pages\/149","targetHints":{"allow":["GET"]}}],"collection":[{"href":"https:\/\/avamonitoring.com\/en\/wp-json\/wp\/v2\/pages"}],"about":[{"href":"https:\/\/avamonitoring.com\/en\/wp-json\/wp\/v2\/types\/page"}],"author":[{"embeddable":true,"href":"https:\/\/avamonitoring.com\/en\/wp-json\/wp\/v2\/users\/1"}],"replies":[{"embeddable":true,"href":"https:\/\/avamonitoring.com\/en\/wp-json\/wp\/v2\/comments?post=149"}],"version-history":[{"count":25,"href":"https:\/\/avamonitoring.com\/en\/wp-json\/wp\/v2\/pages\/149\/revisions"}],"predecessor-version":[{"id":1354,"href":"https:\/\/avamonitoring.com\/en\/wp-json\/wp\/v2\/pages\/149\/revisions\/1354"}],"wp:attachment":[{"href":"https:\/\/avamonitoring.com\/en\/wp-json\/wp\/v2\/media?parent=149"}],"curies":[{"name":"wp","href":"https:\/\/api.w.org\/{rel}","templated":true}]}}