{"id":1197,"date":"2024-05-27T11:46:38","date_gmt":"2024-05-27T11:46:38","guid":{"rendered":"https:\/\/avamonitoring.com\/?page_id=1197"},"modified":"2024-05-27T12:24:01","modified_gmt":"2024-05-27T12:24:01","slug":"avatrace-m90","status":"publish","type":"page","link":"https:\/\/avamonitoring.com\/en\/support\/avatrace-m90\/","title":{"rendered":"AvaTrace M90"},"content":{"rendered":"<div data-elementor-type=\"wp-page\" data-elementor-id=\"1197\" class=\"elementor elementor-1197\" data-elementor-post-type=\"page\">\n\t\t\t\t\t\t<section class=\"elementor-section elementor-top-section elementor-element elementor-element-5e4b6c8 elementor-section-height-min-height elementor-section-content-bottom elementor-section-items-stretch elementor-section-boxed elementor-section-height-default\" data-id=\"5e4b6c8\" data-element_type=\"section\" data-e-type=\"section\" data-settings=\"{&quot;background_background&quot;:&quot;classic&quot;}\">\n\t\t\t\t\t\t<div class=\"elementor-container elementor-column-gap-default\">\n\t\t\t\t\t<div class=\"elementor-column elementor-col-100 elementor-top-column elementor-element elementor-element-ae45de0\" data-id=\"ae45de0\" data-element_type=\"column\" data-e-type=\"column\">\n\t\t\t<div class=\"elementor-widget-wrap elementor-element-populated\">\n\t\t\t\t\t\t<section class=\"elementor-section elementor-inner-section elementor-element elementor-element-b0f5e1d elementor-section-content-middle elementor-section-boxed elementor-section-height-default elementor-section-height-default\" data-id=\"b0f5e1d\" data-element_type=\"section\" data-e-type=\"section\">\n\t\t\t\t\t\t<div class=\"elementor-container elementor-column-gap-default\">\n\t\t\t\t\t<div class=\"elementor-column elementor-col-100 elementor-inner-column elementor-element elementor-element-8d3cab0\" data-id=\"8d3cab0\" data-element_type=\"column\" data-e-type=\"column\">\n\t\t\t<div class=\"elementor-widget-wrap elementor-element-populated\">\n\t\t\t\t\t\t<div class=\"elementor-element elementor-element-8afac8b elementor-widget elementor-widget-heading\" data-id=\"8afac8b\" data-element_type=\"widget\" data-e-type=\"widget\" data-widget_type=\"heading.default\">\n\t\t\t\t<div class=\"elementor-widget-container\">\n\t\t\t\t\t<h2 class=\"elementor-heading-title elementor-size-default\">AvaTrace M90\n<\/h2>\t\t\t\t<\/div>\n\t\t\t\t<\/div>\n\t\t\t\t\t<\/div>\n\t\t<\/div>\n\t\t\t\t\t<\/div>\n\t\t<\/section>\n\t\t\t\t\t<\/div>\n\t\t<\/div>\n\t\t\t\t\t<\/div>\n\t\t<\/section>\n\t\t\t\t<section class=\"elementor-section elementor-top-section elementor-element elementor-element-6a14efc elementor-section-content-middle elementor-section-boxed elementor-section-height-default elementor-section-height-default\" data-id=\"6a14efc\" data-element_type=\"section\" data-e-type=\"section\">\n\t\t\t\t\t\t<div class=\"elementor-container elementor-column-gap-wide\">\n\t\t\t\t\t<div class=\"elementor-column elementor-col-50 elementor-top-column elementor-element elementor-element-bc8be3a\" data-id=\"bc8be3a\" data-element_type=\"column\" data-e-type=\"column\">\n\t\t\t<div class=\"elementor-widget-wrap elementor-element-populated\">\n\t\t\t\t\t\t<div class=\"elementor-element elementor-element-af592e6 elementor-widget elementor-widget-heading\" data-id=\"af592e6\" data-element_type=\"widget\" data-e-type=\"widget\" data-widget_type=\"heading.default\">\n\t\t\t\t<div class=\"elementor-widget-container\">\n\t\t\t\t\t<h2 class=\"elementor-heading-title elementor-size-default\">L\u00e5\u00e5\u00e5\u00e5\u00e5ng batteritid f\u00f6r enklare m\u00e4tning\n<\/h2>\t\t\t\t<\/div>\n\t\t\t\t<\/div>\n\t\t\t\t<div class=\"elementor-element elementor-element-9b724c3 elementor-widget elementor-widget-heading\" data-id=\"9b724c3\" data-element_type=\"widget\" data-e-type=\"widget\" data-widget_type=\"heading.default\">\n\t\t\t\t<div class=\"elementor-widget-container\">\n\t\t\t\t\t<h3 class=\"elementor-heading-title elementor-size-default\">F\u00e4ltinstrumentet AvaTrace M90 vibrationsm\u00e4tare med sensorer registrerar, databehandlar och mellanlagrar m\u00e4tdata fr\u00e5n vibrationer och luftst\u00f6t lokalt i instrumentet. M\u00e4tdata \u00f6verf\u00f6rs automatiskt via mobiln\u00e4tet och internet.\n<\/h3>\t\t\t\t<\/div>\n\t\t\t\t<\/div>\n\t\t\t\t<div class=\"elementor-element elementor-element-dcb46ac elementor-widget elementor-widget-heading\" data-id=\"dcb46ac\" data-element_type=\"widget\" data-e-type=\"widget\" data-widget_type=\"heading.default\">\n\t\t\t\t<div class=\"elementor-widget-container\">\n\t\t\t\t\t<h2 class=\"elementor-heading-title elementor-size-default\">P\u00e5litlig och s\u00e4ker m\u00e4tning\n<\/h2>\t\t\t\t<\/div>\n\t\t\t\t<\/div>\n\t\t\t\t<div class=\"elementor-element elementor-element-a169957 elementor-widget elementor-widget-text-editor\" data-id=\"a169957\" data-element_type=\"widget\" data-e-type=\"widget\" data-widget_type=\"text-editor.default\">\n\t\t\t\t<div class=\"elementor-widget-container\">\n\t\t\t\t\t\t\t\t\t<p>F\u00e4ltinstrumentet AvaTrace registrerar, databehandlar och mellanlagrar m\u00e4tdata fr\u00e5n vibrationer och luftst\u00f6t lokalt i instrumentet. Data \u00f6verf\u00f6rs automatiskt via mobiln\u00e4tet och internet enligt ett individuellt och justerbart tidsschema till det webbaserade m\u00e4tsystemet <a href=\"https:\/\/avamonitoring.com\/en\/avanet\/\">AvaNet<\/a>. Larm s\u00e4nds automatiskt via e-post och sms till ansvariga personer n\u00e4r ett m\u00e4tv\u00e4rde utanf\u00f6r uppsatta gr\u00e4nsv\u00e4rden registreras, eller om ett driftavbrott skulle intr\u00e4ffa, t ex vid kabelbrott.<\/p>\t\t\t\t\t\t\t\t<\/div>\n\t\t\t\t<\/div>\n\t\t\t\t<div class=\"elementor-element elementor-element-459b50a elementor-widget elementor-widget-heading\" data-id=\"459b50a\" data-element_type=\"widget\" data-e-type=\"widget\" data-widget_type=\"heading.default\">\n\t\t\t\t<div class=\"elementor-widget-container\">\n\t\t\t\t\t<h2 class=\"elementor-heading-title elementor-size-default\">Enkel f\u00e4lthantering<\/h2>\t\t\t\t<\/div>\n\t\t\t\t<\/div>\n\t\t\t\t<div class=\"elementor-element elementor-element-7ab973d elementor-widget elementor-widget-text-editor\" data-id=\"7ab973d\" data-element_type=\"widget\" data-e-type=\"widget\" data-widget_type=\"text-editor.default\">\n\t\t\t\t<div class=\"elementor-widget-container\">\n\t\t\t\t\t\t\t\t\t<div class=\"wpb_text_column wpb_content_element\"><div class=\"wpb_wrapper\"><p>I f\u00e4lt startas och stoppas m\u00e4tningen med en enda knapptryckning. St\u00e4ng locket och l\u00e5t det batteridrivna instrumentet st\u00e5 ute i sn\u00f6, kyla, regn och rusk under l\u00e5ng tid. Du l\u00e4ser av m\u00e4tv\u00e4rden och fj\u00e4rrstyr instrumentinst\u00e4llningar fr\u00e5n din webbl\u00e4sare, vilket g\u00f6r hanteringen \u00e4nnu enklare.<\/p><\/div><\/div>\t\t\t\t\t\t\t\t<\/div>\n\t\t\t\t<\/div>\n\t\t\t\t<div class=\"elementor-element elementor-element-cae16bd elementor-widget elementor-widget-heading\" data-id=\"cae16bd\" data-element_type=\"widget\" data-e-type=\"widget\" data-widget_type=\"heading.default\">\n\t\t\t\t<div class=\"elementor-widget-container\">\n\t\t\t\t\t<h2 class=\"elementor-heading-title elementor-size-default\">240 dagars batteridrift\n<\/h2>\t\t\t\t<\/div>\n\t\t\t\t<\/div>\n\t\t\t\t<div class=\"elementor-element elementor-element-db86214 elementor-widget elementor-widget-text-editor\" data-id=\"db86214\" data-element_type=\"widget\" data-e-type=\"widget\" data-widget_type=\"text-editor.default\">\n\t\t\t\t<div class=\"elementor-widget-container\">\n\t\t\t\t\t\t\t\t\t<div class=\"wpb_text_column wpb_content_element\"><div class=\"wpb_wrapper\"><div class=\"wpb_text_column wpb_content_element\"><div class=\"wpb_wrapper\"><p>AvaTrace M90 m\u00e4ter b\u00e5de toppv\u00e4rden och kurvf\u00f6rlopp med upp till 4 m\u00e4tkanaler. En mycket energisn\u00e5l konstruktion ger upp till 8 m\u00e5naders batteridrifttid p\u00e5 vanliga alkaliska batterier (6 st D-batterier), vilket tillsammans med den enkla hanteringen ger en \u00f6verl\u00e4gsen projektekonomi.<\/p><\/div><\/div><\/div><\/div>\t\t\t\t\t\t\t\t<\/div>\n\t\t\t\t<\/div>\n\t\t\t\t<div class=\"elementor-element elementor-element-bbee668 elementor-widget elementor-widget-heading\" data-id=\"bbee668\" data-element_type=\"widget\" data-e-type=\"widget\" data-widget_type=\"heading.default\">\n\t\t\t\t<div class=\"elementor-widget-container\">\n\t\t\t\t\t<h2 class=\"elementor-heading-title elementor-size-default\">L\u00e5ng inspelningstid\n<\/h2>\t\t\t\t<\/div>\n\t\t\t\t<\/div>\n\t\t\t\t<div class=\"elementor-element elementor-element-413bd27 elementor-widget elementor-widget-text-editor\" data-id=\"413bd27\" data-element_type=\"widget\" data-e-type=\"widget\" data-widget_type=\"text-editor.default\">\n\t\t\t\t<div class=\"elementor-widget-container\">\n\t\t\t\t\t\t\t\t\t<div class=\"wpb_text_column wpb_content_element\"><div class=\"wpb_wrapper\"><div class=\"wpb_text_column wpb_content_element\"><div class=\"wpb_wrapper\"><div class=\"wpb_column vc_column_container vc_col-sm-8\"><div class=\"vc_column-inner\"><div class=\"wpb_wrapper\"><div class=\"wpb_text_column wpb_content_element\"><div class=\"wpb_wrapper\"><p>AvaTrace M90 kan m\u00e4ta kurvf\u00f6rlopp upp till flera minuter med en valfri tidsl\u00e4ngd p\u00e5 pretrigger. Detta l\u00e4mpar sig s\u00e4rskilt v\u00e4l vid automatisk m\u00e4tning av vibrationer fr\u00e5n t\u00e5gtrafik.<\/p><\/div><\/div><\/div><\/div><\/div><\/div><\/div><\/div><\/div>\t\t\t\t\t\t\t\t<\/div>\n\t\t\t\t<\/div>\n\t\t\t\t\t<\/div>\n\t\t<\/div>\n\t\t\t\t<div class=\"elementor-column elementor-col-50 elementor-top-column elementor-element elementor-element-21b87be\" data-id=\"21b87be\" data-element_type=\"column\" data-e-type=\"column\">\n\t\t\t<div class=\"elementor-widget-wrap elementor-element-populated\">\n\t\t\t\t\t\t<div class=\"elementor-element elementor-element-17b4793 elementor-widget elementor-widget-image\" data-id=\"17b4793\" data-element_type=\"widget\" data-e-type=\"widget\" data-widget_type=\"image.default\">\n\t\t\t\t<div class=\"elementor-widget-container\">\n\t\t\t\t\t\t\t\t\t\t\t\t\t\t\t<img fetchpriority=\"high\" decoding=\"async\" width=\"620\" height=\"720\" src=\"https:\/\/avamonitoring.com\/wp-content\/uploads\/2024\/05\/AvaTrace-M90.png\" class=\"attachment-large size-large wp-image-1202\" alt=\"\" srcset=\"https:\/\/avamonitoring.com\/wp-content\/uploads\/2024\/05\/AvaTrace-M90.png 620w, https:\/\/avamonitoring.com\/wp-content\/uploads\/2024\/05\/AvaTrace-M90-258x300.png 258w, https:\/\/avamonitoring.com\/wp-content\/uploads\/2024\/05\/AvaTrace-M90-10x12.png 10w\" sizes=\"(max-width: 620px) 100vw, 620px\" \/>\t\t\t\t\t\t\t\t\t\t\t\t\t\t\t<\/div>\n\t\t\t\t<\/div>\n\t\t\t\t<div class=\"elementor-element elementor-element-d840a82 elementor-widget elementor-widget-heading\" data-id=\"d840a82\" data-element_type=\"widget\" data-e-type=\"widget\" data-widget_type=\"heading.default\">\n\t\t\t\t<div class=\"elementor-widget-container\">\n\t\t\t\t\t<h2 class=\"elementor-heading-title elementor-size-default\">AvaTrace M90<\/h2>\t\t\t\t<\/div>\n\t\t\t\t<\/div>\n\t\t\t\t<div class=\"elementor-element elementor-element-8ea2b0a elementor-widget elementor-widget-text-editor\" data-id=\"8ea2b0a\" data-element_type=\"widget\" data-e-type=\"widget\" data-widget_type=\"text-editor.default\">\n\t\t\t\t<div class=\"elementor-widget-container\">\n\t\t\t\t\t\t\t\t\t<p><strong>H\u00e4r kan du se v\u00e5ra instruktionsfilmer<\/strong><br \/><a href=\"https:\/\/avamonitoring.com\/en\/instruktionsfilmer\/\">Tips and instructions<\/a><\/p><p><strong>Produktblad<\/strong><br \/><br \/><\/p>\t\t\t\t\t\t\t\t<\/div>\n\t\t\t\t<\/div>\n\t\t\t\t<div class=\"elementor-element elementor-element-580debe elementor-widget elementor-widget-button\" data-id=\"580debe\" data-element_type=\"widget\" data-e-type=\"widget\" data-widget_type=\"button.default\">\n\t\t\t\t<div class=\"elementor-widget-container\">\n\t\t\t\t\t\t\t\t\t<div class=\"elementor-button-wrapper\">\n\t\t\t\t\t<a class=\"elementor-button elementor-button-link elementor-size-sm\" href=\"#\">\n\t\t\t\t\t\t<span class=\"elementor-button-content-wrapper\">\n\t\t\t\t\t\t\t\t\t<span class=\"elementor-button-text\">KONTAKTA OSS F\u00d6R OFFERT<\/span>\n\t\t\t\t\t<\/span>\n\t\t\t\t\t<\/a>\n\t\t\t\t<\/div>\n\t\t\t\t\t\t\t\t<\/div>\n\t\t\t\t<\/div>\n\t\t\t\t\t<\/div>\n\t\t<\/div>\n\t\t\t\t\t<\/div>\n\t\t<\/section>\n\t\t\t\t<section class=\"elementor-section elementor-top-section elementor-element elementor-element-b84a710 elementor-section-height-min-height elementor-section-items-stretch elementor-section-boxed elementor-section-height-default\" data-id=\"b84a710\" data-element_type=\"section\" data-e-type=\"section\">\n\t\t\t\t\t\t<div class=\"elementor-container elementor-column-gap-wider\">\n\t\t\t\t\t<div class=\"elementor-column elementor-col-50 elementor-top-column elementor-element elementor-element-5ae0c8f\" data-id=\"5ae0c8f\" data-element_type=\"column\" data-e-type=\"column\" data-settings=\"{&quot;background_background&quot;:&quot;classic&quot;}\">\n\t\t\t<div class=\"elementor-widget-wrap elementor-element-populated\">\n\t\t\t\t\t\t<div class=\"elementor-element elementor-element-f10aa46 elementor-widget elementor-widget-image\" data-id=\"f10aa46\" data-element_type=\"widget\" data-e-type=\"widget\" data-widget_type=\"image.default\">\n\t\t\t\t<div class=\"elementor-widget-container\">\n\t\t\t\t\t\t\t\t\t\t\t\t\t\t\t<img decoding=\"async\" width=\"730\" height=\"450\" src=\"https:\/\/avamonitoring.com\/wp-content\/uploads\/2021\/12\/AVA_Blast.jpg\" class=\"attachment-large size-large wp-image-591\" alt=\"\" srcset=\"https:\/\/avamonitoring.com\/wp-content\/uploads\/2021\/12\/AVA_Blast.jpg 730w, https:\/\/avamonitoring.com\/wp-content\/uploads\/2021\/12\/AVA_Blast-300x185.jpg 300w, https:\/\/avamonitoring.com\/wp-content\/uploads\/2021\/12\/AVA_Blast-18x12.jpg 18w\" sizes=\"(max-width: 730px) 100vw, 730px\" \/>\t\t\t\t\t\t\t\t\t\t\t\t\t\t\t<\/div>\n\t\t\t\t<\/div>\n\t\t\t\t\t<\/div>\n\t\t<\/div>\n\t\t\t\t<div class=\"elementor-column elementor-col-50 elementor-top-column elementor-element elementor-element-217c398\" data-id=\"217c398\" data-element_type=\"column\" data-e-type=\"column\">\n\t\t\t<div class=\"elementor-widget-wrap elementor-element-populated\">\n\t\t\t\t\t\t<div class=\"elementor-element elementor-element-92d42ae elementor-widget elementor-widget-heading\" data-id=\"92d42ae\" data-element_type=\"widget\" data-e-type=\"widget\" data-widget_type=\"heading.default\">\n\t\t\t\t<div class=\"elementor-widget-container\">\n\t\t\t\t\t<h2 class=\"elementor-heading-title elementor-size-default\">M\u00e4t markvibrationer, komfort och luftst\u00f6t fr\u00e5n\n<\/h2>\t\t\t\t<\/div>\n\t\t\t\t<\/div>\n\t\t\t\t<div class=\"elementor-element elementor-element-35fa245 elementor-align-start elementor-icon-list--layout-traditional elementor-list-item-link-full_width elementor-widget elementor-widget-icon-list\" data-id=\"35fa245\" data-element_type=\"widget\" data-e-type=\"widget\" data-widget_type=\"icon-list.default\">\n\t\t\t\t<div class=\"elementor-widget-container\">\n\t\t\t\t\t\t\t<ul class=\"elementor-icon-list-items\">\n\t\t\t\t\t\t\t<li class=\"elementor-icon-list-item\">\n\t\t\t\t\t\t\t\t\t\t<span class=\"elementor-icon-list-text\">\u2022 Spr\u00e4ngning<\/span>\n\t\t\t\t\t\t\t\t\t<\/li>\n\t\t\t\t\t\t\t\t<li class=\"elementor-icon-list-item\">\n\t\t\t\t\t\t\t\t\t\t<span class=\"elementor-icon-list-text\">\u2022 P\u00e5lning<\/span>\n\t\t\t\t\t\t\t\t\t<\/li>\n\t\t\t\t\t\t\t\t<li class=\"elementor-icon-list-item\">\n\t\t\t\t\t\t\t\t\t\t<span class=\"elementor-icon-list-text\">\u2022 Packning<\/span>\n\t\t\t\t\t\t\t\t\t<\/li>\n\t\t\t\t\t\t\t\t<li class=\"elementor-icon-list-item\">\n\t\t\t\t\t\t\t\t\t\t<span class=\"elementor-icon-list-text\">\u2022 Komfort<\/span>\n\t\t\t\t\t\t\t\t\t<\/li>\n\t\t\t\t\t\t\t\t<li class=\"elementor-icon-list-item\">\n\t\t\t\t\t\t\t\t\t\t<span class=\"elementor-icon-list-text\">\u2022 Luftst\u00f6t<\/span>\n\t\t\t\t\t\t\t\t\t<\/li>\n\t\t\t\t\t\t\t\t<li class=\"elementor-icon-list-item\">\n\t\t\t\t\t\t\t\t\t\t<span class=\"elementor-icon-list-text\">\u2022 V\u00e4g- och j\u00e4rnv\u00e4gstrafik<\/span>\n\t\t\t\t\t\t\t\t\t<\/li>\n\t\t\t\t\t\t\t\t<li class=\"elementor-icon-list-item\">\n\t\t\t\t\t\t\t\t\t\t<span class=\"elementor-icon-list-text\">\u2022 Med mera<\/span>\n\t\t\t\t\t\t\t\t\t<\/li>\n\t\t\t\t\t\t<\/ul>\n\t\t\t\t\t\t<\/div>\n\t\t\t\t<\/div>\n\t\t\t\t<div class=\"elementor-element elementor-element-142a71f elementor-widget elementor-widget-heading\" data-id=\"142a71f\" data-element_type=\"widget\" data-e-type=\"widget\" data-widget_type=\"heading.default\">\n\t\t\t\t<div class=\"elementor-widget-container\">\n\t\t\t\t\t<h2 class=\"elementor-heading-title elementor-size-default\">Sensorer<\/h2>\t\t\t\t<\/div>\n\t\t\t\t<\/div>\n\t\t\t\t<div class=\"elementor-element elementor-element-43db738 elementor-align-start elementor-icon-list--layout-traditional elementor-list-item-link-full_width elementor-widget elementor-widget-icon-list\" data-id=\"43db738\" data-element_type=\"widget\" data-e-type=\"widget\" data-widget_type=\"icon-list.default\">\n\t\t\t\t<div class=\"elementor-widget-container\">\n\t\t\t\t\t\t\t<ul class=\"elementor-icon-list-items\">\n\t\t\t\t\t\t\t<li class=\"elementor-icon-list-item\">\n\t\t\t\t\t\t\t\t\t\t<span class=\"elementor-icon-list-text\">\u2022 Vertikal geofon<\/span>\n\t\t\t\t\t\t\t\t\t<\/li>\n\t\t\t\t\t\t\t\t<li class=\"elementor-icon-list-item\">\n\t\t\t\t\t\t\t\t\t\t<span class=\"elementor-icon-list-text\">\u2022 Horisontell geofon<\/span>\n\t\t\t\t\t\t\t\t\t<\/li>\n\t\t\t\t\t\t\t\t<li class=\"elementor-icon-list-item\">\n\t\t\t\t\t\t\t\t\t\t<span class=\"elementor-icon-list-text\">\u2022 Triaxiell geofon<\/span>\n\t\t\t\t\t\t\t\t\t<\/li>\n\t\t\t\t\t\t\t\t<li class=\"elementor-icon-list-item\">\n\t\t\t\t\t\t\t\t\t\t<span class=\"elementor-icon-list-text\">\u2022 Accelerometer<\/span>\n\t\t\t\t\t\t\t\t\t<\/li>\n\t\t\t\t\t\t\t\t<li class=\"elementor-icon-list-item\">\n\t\t\t\t\t\t\t\t\t\t<span class=\"elementor-icon-list-text\">\u2022 Luftst\u00f6tsmikrofon<\/span>\n\t\t\t\t\t\t\t\t\t<\/li>\n\t\t\t\t\t\t<\/ul>\n\t\t\t\t\t\t<\/div>\n\t\t\t\t<\/div>\n\t\t\t\t\t<\/div>\n\t\t<\/div>\n\t\t\t\t\t<\/div>\n\t\t<\/section>\n\t\t\t\t<section class=\"elementor-section elementor-top-section elementor-element elementor-element-bcaf751 elementor-section-height-min-height elementor-section-boxed elementor-section-height-default elementor-section-items-middle\" data-id=\"bcaf751\" data-element_type=\"section\" data-e-type=\"section\" data-settings=\"{&quot;background_background&quot;:&quot;classic&quot;}\">\n\t\t\t\t\t\t<div class=\"elementor-container elementor-column-gap-default\">\n\t\t\t\t\t<div class=\"elementor-column elementor-col-50 elementor-top-column elementor-element elementor-element-872c3b2\" data-id=\"872c3b2\" data-element_type=\"column\" data-e-type=\"column\" data-settings=\"{&quot;background_background&quot;:&quot;classic&quot;}\">\n\t\t\t<div class=\"elementor-widget-wrap elementor-element-populated\">\n\t\t\t\t\t\t<div class=\"elementor-element elementor-element-8d25a76 elementor-widget elementor-widget-heading\" data-id=\"8d25a76\" data-element_type=\"widget\" data-e-type=\"widget\" data-widget_type=\"heading.default\">\n\t\t\t\t<div class=\"elementor-widget-container\">\n\t\t\t\t\t<h2 class=\"elementor-heading-title elementor-size-default\">Buy or lease measurement equipment?<\/h2>\t\t\t\t<\/div>\n\t\t\t\t<\/div>\n\t\t\t\t<div class=\"elementor-element elementor-element-cd57c58 elementor-widget elementor-widget-text-editor\" data-id=\"cd57c58\" data-element_type=\"widget\" data-e-type=\"widget\" data-widget_type=\"text-editor.default\">\n\t\t\t\t<div class=\"elementor-widget-container\">\n\t\t\t\t\t\t\t\t\t<p>Buying measurement equipment from us is easy \u2013 but sometimes it is more efficient to lease than to buy. A fixed daily rental makes budgeting easy and you do not need to worry about service or calibration. Our web-based measurement system <a href=\"https:\/\/avamonitoring.com\/en\/avanet\/\">AvaNet<\/a> is always included in the leasing price so you can take full advantage of all the functions. <a href=\"https:\/\/avamonitoring.com\/en\/kontakt\/\">Contact us<\/a> for more information and a quote.<\/p>\t\t\t\t\t\t\t\t<\/div>\n\t\t\t\t<\/div>\n\t\t\t\t<div class=\"elementor-element elementor-element-77c6e86 elementor-widget elementor-widget-button\" data-id=\"77c6e86\" data-element_type=\"widget\" data-e-type=\"widget\" data-widget_type=\"button.default\">\n\t\t\t\t<div class=\"elementor-widget-container\">\n\t\t\t\t\t\t\t\t\t<div class=\"elementor-button-wrapper\">\n\t\t\t\t\t<a class=\"elementor-button elementor-button-link elementor-size-sm\" href=\"#\">\n\t\t\t\t\t\t<span class=\"elementor-button-content-wrapper\">\n\t\t\t\t\t\t\t\t\t<span class=\"elementor-button-text\">Contact us<\/span>\n\t\t\t\t\t<\/span>\n\t\t\t\t\t<\/a>\n\t\t\t\t<\/div>\n\t\t\t\t\t\t\t\t<\/div>\n\t\t\t\t<\/div>\n\t\t\t\t\t<\/div>\n\t\t<\/div>\n\t\t\t\t<div class=\"elementor-column elementor-col-50 elementor-top-column elementor-element elementor-element-c0f176f\" data-id=\"c0f176f\" data-element_type=\"column\" data-e-type=\"column\" data-settings=\"{&quot;background_background&quot;:&quot;classic&quot;}\">\n\t\t\t<div class=\"elementor-widget-wrap elementor-element-populated\">\n\t\t\t\t\t\t<div class=\"elementor-element elementor-element-2debcb3 elementor-widget elementor-widget-heading\" data-id=\"2debcb3\" data-element_type=\"widget\" data-e-type=\"widget\" data-widget_type=\"heading.default\">\n\t\t\t\t<div class=\"elementor-widget-container\">\n\t\t\t\t\t<h2 class=\"elementor-heading-title elementor-size-default\">Calibration, service and support\n<\/h2>\t\t\t\t<\/div>\n\t\t\t\t<\/div>\n\t\t\t\t<div class=\"elementor-element elementor-element-33d32bb elementor-widget elementor-widget-text-editor\" data-id=\"33d32bb\" data-element_type=\"widget\" data-e-type=\"widget\" data-widget_type=\"text-editor.default\">\n\t\t\t\t<div class=\"elementor-widget-container\">\n\t\t\t\t\t\t\t\t\t<p>As a customer of AVA Monitoring, you can have your instrument repaired, serviced and calibrated. When you send in your instrument for service, you will receive a response within a few days with an estimate of costs and when the instrument will be returned to you. When your instrument is in need of calibration you receive a reminder e-mail from us. You can also find details of when it is time to calibrate on the product and in <a href=\"https:\/\/avamonitoring.com\/en\/avanet\/\">AvaNet<\/a>.<\/p><p>You can reach our support desk on +46 31-760 12 20 on working days from 08:00-11:30 and 12:30-16:30. You can also e-mail your incident to <a href=\"mailto:support@avamonitoring.com\">support@avamonitoring.com<\/a> so you can track it. You can also search for help in our <a href=\"https:\/\/avamonitoring.com\/en\/instruktionsfilmer\/\">instructional videos<\/a> and <a href=\"https:\/\/avamonitoring.com\/en\/faq\/\">FAQ<\/a>.<\/p>\t\t\t\t\t\t\t\t<\/div>\n\t\t\t\t<\/div>\n\t\t\t\t\t<\/div>\n\t\t<\/div>\n\t\t\t\t\t<\/div>\n\t\t<\/section>\n\t\t\t\t<\/div>","protected":false},"excerpt":{"rendered":"<p>AvaTrace M90 L\u00e5\u00e5\u00e5\u00e5\u00e5ng batteritid f\u00f6r enklare m\u00e4tning F\u00e4ltinstrumentet AvaTrace M90 vibrationsm\u00e4tare med sensorer registrerar, databehandlar och mellanlagrar m\u00e4tdata fr\u00e5n vibrationer och luftst\u00f6t lokalt i instrumentet. M\u00e4tdata \u00f6verf\u00f6rs automatiskt via mobiln\u00e4tet och internet. P\u00e5litlig och s\u00e4ker m\u00e4tning F\u00e4ltinstrumentet AvaTrace registrerar, databehandlar och mellanlagrar m\u00e4tdata fr\u00e5n vibrationer och luftst\u00f6t lokalt i instrumentet. Data \u00f6verf\u00f6rs automatiskt via mobiln\u00e4tet [&hellip;]<\/p>","protected":false},"author":1,"featured_media":0,"parent":156,"menu_order":0,"comment_status":"closed","ping_status":"closed","template":"elementor_header_footer","meta":{"footnotes":""},"class_list":["post-1197","page","type-page","status-publish","hentry","entry"],"_links":{"self":[{"href":"https:\/\/avamonitoring.com\/en\/wp-json\/wp\/v2\/pages\/1197","targetHints":{"allow":["GET"]}}],"collection":[{"href":"https:\/\/avamonitoring.com\/en\/wp-json\/wp\/v2\/pages"}],"about":[{"href":"https:\/\/avamonitoring.com\/en\/wp-json\/wp\/v2\/types\/page"}],"author":[{"embeddable":true,"href":"https:\/\/avamonitoring.com\/en\/wp-json\/wp\/v2\/users\/1"}],"replies":[{"embeddable":true,"href":"https:\/\/avamonitoring.com\/en\/wp-json\/wp\/v2\/comments?post=1197"}],"version-history":[{"count":7,"href":"https:\/\/avamonitoring.com\/en\/wp-json\/wp\/v2\/pages\/1197\/revisions"}],"predecessor-version":[{"id":1205,"href":"https:\/\/avamonitoring.com\/en\/wp-json\/wp\/v2\/pages\/1197\/revisions\/1205"}],"up":[{"embeddable":true,"href":"https:\/\/avamonitoring.com\/en\/wp-json\/wp\/v2\/pages\/156"}],"wp:attachment":[{"href":"https:\/\/avamonitoring.com\/en\/wp-json\/wp\/v2\/media?parent=1197"}],"curies":[{"name":"wp","href":"https:\/\/api.w.org\/{rel}","templated":true}]}}